{"id":173,"date":"2021-11-05T12:41:08","date_gmt":"2021-11-05T12:41:08","guid":{"rendered":"http:\/\/lagris.eu\/?page_id=173"},"modified":"2024-01-28T17:22:41","modified_gmt":"2024-01-28T17:22:41","slug":"lagris","status":"publish","type":"page","link":"https:\/\/lagris.eu\/","title":{"rendered":"Lagris"},"content":{"rendered":"<p>[et_pb_section fb_built=&#8221;1&#8243; next_background_color=&#8221;#ffffff&#8221; _builder_version=&#8221;4.13.0&#8243; _module_preset=&#8221;default&#8221; background_image=&#8221;http:\/\/lagris.eu\/wp-content\/uploads\/2021\/11\/img-header.jpg&#8221; bottom_divider_style=&#8221;waves2&#8243; bottom_divider_height=&#8221;60px&#8221; global_colors_info=&#8221;{}&#8221;][et_pb_row column_structure=&#8221;2_3,1_3&#8243; _builder_version=&#8221;4.13.0&#8243; _module_preset=&#8221;default&#8221; global_colors_info=&#8221;{}&#8221;][et_pb_column type=&#8221;2_3&#8243; _builder_version=&#8221;4.13.0&#8243; _module_preset=&#8221;default&#8221; global_colors_info=&#8221;{}&#8221;][et_pb_text _builder_version=&#8221;4.13.0&#8243; _module_preset=&#8221;default&#8221; text_text_color=&#8221;#000000&#8243; text_font_size=&#8221;24px&#8221; text_letter_spacing=&#8221;2px&#8221; header_font=&#8221;|700|||||||&#8221; header_font_size=&#8221;49px&#8221; header_letter_spacing=&#8221;3px&#8221; header_line_height=&#8221;1.4em&#8221; global_colors_info=&#8221;{}&#8221;]<\/p>\n<p style=\"font-weight: 400; text-align: center;\">V\u00edtejte na str\u00e1nk\u00e1ch projektu<\/p>\n<h1 style=\"font-weight: 400; text-align: center;\"><strong>LAGRIS: Low Age Great RISks<\/strong><\/h1>\n<h2 style=\"font-weight: 400; text-align: center;\">Ochrana zdrav\u00ed a bezpe\u010dnosti u d\u011bt\u00ed v p\u0159ed\u0161koln\u00edm a mlad\u0161\u00edm \u0161koln\u00edm v\u011bku<\/h2>\n<p style=\"font-weight: 400;\"><span>\u00a0<\/span><\/p>\n<p style=\"font-weight: 400; text-align: justify;\">Projekt se zam\u011b\u0159uje na v\u00fdzkum v oblasti bezpe\u010dnosti a prevence po\u0161kozen\u00ed zdrav\u00ed d\u011bt\u00ed, k nim\u017e m\u016f\u017ee doch\u00e1zet bu\u010f z d\u016fvodu \u00farazu, anebo z d\u016fvodu p\u016fsoben\u00ed ergonomick\u00fdch rizik.<\/p>\n<p style=\"font-weight: 400; text-align: justify;\">C\u00edlem projektu je <strong>efektivn\u00ed rozvoj kompetenc\u00ed d\u011bt\u00ed a \u017e\u00e1k\u016f v oblasti bezpe\u010dnosti a ochrany zdrav\u00ed<\/strong> a edukace \u0161ir\u0161\u00ed spole\u010dnosti.<\/p>\n<p style=\"font-weight: 400; text-align: justify;\">Na z\u00e1klad\u011b v\u00fdzkumu zku\u0161enost\u00ed a pot\u0159eb rodi\u010d\u016f a u\u010ditel\u016f v oblasti prevence d\u011btsk\u00fdch \u00faraz\u016f a ot\u00e1zk\u00e1ch bezpe\u010dnosti byly navr\u017eeny komplexn\u00ed eduka\u010dn\u00ed materi\u00e1ly, kter\u00e9 jsou ur\u010deny pro d\u011bti, rodi\u010de a u\u010ditele M\u0160 a 1. stupn\u011b Z\u0160. Ve\u0161ker\u00e9 materi\u00e1ly jsou <strong>zdarma ke sta\u017een\u00ed \u010di vyu\u017eit\u00ed online<\/strong>:<\/p>\n<p>[\/et_pb_text][\/et_pb_column][et_pb_column type=&#8221;1_3&#8243; _builder_version=&#8221;4.13.0&#8243; _module_preset=&#8221;default&#8221; global_colors_info=&#8221;{}&#8221;][et_pb_image src=&#8221;http:\/\/lagris.eu\/wp-content\/uploads\/2021\/11\/img-lagris-text-neg.png&#8221; title_text=&#8221;img-header&#8221; _builder_version=&#8221;4.13.0&#8243; _module_preset=&#8221;default&#8221; background_color=&#8221;RGBA(0,0,0,0)&#8221; background_enable_image=&#8221;off&#8221; background_size=&#8221;initial&#8221; animation_style=&#8221;zoom&#8221; animation_duration=&#8221;2000ms&#8221; box_shadow_style=&#8221;preset1&#8243; global_colors_info=&#8221;{}&#8221;][\/et_pb_image][\/et_pb_column][\/et_pb_row][et_pb_row _builder_version=&#8221;4.13.0&#8243; _module_preset=&#8221;default&#8221; global_colors_info=&#8221;{}&#8221;][et_pb_column type=&#8221;4_4&#8243; _builder_version=&#8221;4.13.0&#8243; _module_preset=&#8221;default&#8221; global_colors_info=&#8221;{}&#8221;][et_pb_button button_text=&#8221;Komplexn\u00ed eduka\u010dn\u00ed materi\u00e1ly pro u\u010ditele, d\u011bti a rodi\u010de&#8221; button_alignment=&#8221;center&#8221; _builder_version=&#8221;4.13.0&#8243; _module_preset=&#8221;default&#8221; custom_button=&#8221;on&#8221; button_text_size=&#8221;22px&#8221; button_text_color=&#8221;#000000&#8243; button_bg_color=&#8221;#9ae2ae&#8221; hover_enabled=&#8221;0&#8243; global_colors_info=&#8221;{}&#8221; button_url=&#8221;https:\/\/lagris.eu\/index.php\/materialy\/&#8221; sticky_enabled=&#8221;0&#8243;][\/et_pb_button][et_pb_button button_text=&#8221;Eduka\u010dn\u00ed workshop LAGRIS: Low Age Great RISks &#8221; button_alignment=&#8221;center&#8221; _builder_version=&#8221;4.13.0&#8243; _module_preset=&#8221;default&#8221; custom_button=&#8221;on&#8221; button_text_size=&#8221;22px&#8221; button_text_color=&#8221;#000000&#8243; button_bg_color=&#8221;#9ae2ae&#8221; button_border_color=&#8221;#000000&#8243; hover_enabled=&#8221;0&#8243; global_colors_info=&#8221;{}&#8221; button_url=&#8221;https:\/\/lagris.eu\/index.php\/onlineseminar\/&#8221; sticky_enabled=&#8221;0&#8243;][\/et_pb_button][et_pb_button button_url=&#8221;https:\/\/lagris.eu\/index.php\/interaktivni_lagris\/&#8221; button_text=&#8221;Interaktivn\u00ed prost\u0159ed\u00ed Lagris&#8221; button_alignment=&#8221;center&#8221; _builder_version=&#8221;4.13.0&#8243; _module_preset=&#8221;default&#8221; custom_button=&#8221;on&#8221; button_text_size=&#8221;22px&#8221; button_text_color=&#8221;#000000&#8243; button_bg_color=&#8221;#9ae2ae&#8221; button_border_color=&#8221;#000000&#8243; hover_enabled=&#8221;0&#8243; global_colors_info=&#8221;{}&#8221; sticky_enabled=&#8221;0&#8243;][\/et_pb_button][et_pb_button button_url=&#8221;http:\/\/lagris.eu\/index.php\/vyzkumnapraca\/&#8221; button_text=&#8221;V\u00fdzkumn\u00e1 zpr\u00e1va&#8221; button_alignment=&#8221;center&#8221; _builder_version=&#8221;4.13.0&#8243; _module_preset=&#8221;default&#8221; custom_button=&#8221;on&#8221; button_text_size=&#8221;22px&#8221; button_text_color=&#8221;#000000&#8243; button_bg_color=&#8221;#9ae2ae&#8221; button_border_color=&#8221;#000000&#8243; global_colors_info=&#8221;{}&#8221;][\/et_pb_button][\/et_pb_column][\/et_pb_row][et_pb_row _builder_version=&#8221;4.13.0&#8243; _module_preset=&#8221;default&#8221; global_colors_info=&#8221;{}&#8221;][et_pb_column type=&#8221;4_4&#8243; _builder_version=&#8221;4.13.0&#8243; _module_preset=&#8221;default&#8221; global_colors_info=&#8221;{}&#8221;][et_pb_text _builder_version=&#8221;4.13.0&#8243; _module_preset=&#8221;default&#8221; width=&#8221;100%&#8221; custom_padding=&#8221;|20px||80px||&#8221; global_colors_info=&#8221;{}&#8221;]<\/p>\n<p><strong>V\u00fdzkumn\u00fd projekt TL03000213 \u201eAnal\u00fdza a podpora rozvoje kompetenc\u00ed d\u011bt\u00ed v oblasti bezpe\u010dnosti a ochrany zdrav\u00ed\u201c (LAGRIS) je spolufinancov\u00e1n Technologickou agenturou \u010cesk\u00e9 republiky.<\/strong><\/p>\n<p>[\/et_pb_text][\/et_pb_column][\/et_pb_row][\/et_pb_section]<\/p>\n","protected":false},"excerpt":{"rendered":"<p>V\u00edtejte na str\u00e1nk\u00e1ch projektu LAGRIS: Low Age Great RISks Ochrana zdrav\u00ed a bezpe\u010dnosti u d\u011bt\u00ed v p\u0159ed\u0161koln\u00edm a mlad\u0161\u00edm \u0161koln\u00edm v\u011bku \u00a0 Projekt se zam\u011b\u0159uje na v\u00fdzkum v oblasti bezpe\u010dnosti a prevence po\u0161kozen\u00ed zdrav\u00ed d\u011bt\u00ed, k nim\u017e m\u016f\u017ee doch\u00e1zet bu\u010f z d\u016fvodu \u00farazu, anebo z d\u016fvodu p\u016fsoben\u00ed ergonomick\u00fdch rizik. C\u00edlem projektu je efektivn\u00ed rozvoj kompetenc\u00ed [&hellip;]<\/p>\n","protected":false},"author":1,"featured_media":0,"parent":0,"menu_order":0,"comment_status":"closed","ping_status":"closed","template":"","meta":{"_et_pb_use_builder":"on","_et_pb_old_content":"","_et_gb_content_width":"","footnotes":""},"_links":{"self":[{"href":"https:\/\/lagris.eu\/index.php\/wp-json\/wp\/v2\/pages\/173"}],"collection":[{"href":"https:\/\/lagris.eu\/index.php\/wp-json\/wp\/v2\/pages"}],"about":[{"href":"https:\/\/lagris.eu\/index.php\/wp-json\/wp\/v2\/types\/page"}],"author":[{"embeddable":true,"href":"https:\/\/lagris.eu\/index.php\/wp-json\/wp\/v2\/users\/1"}],"replies":[{"embeddable":true,"href":"https:\/\/lagris.eu\/index.php\/wp-json\/wp\/v2\/comments?post=173"}],"version-history":[{"count":70,"href":"https:\/\/lagris.eu\/index.php\/wp-json\/wp\/v2\/pages\/173\/revisions"}],"predecessor-version":[{"id":787,"href":"https:\/\/lagris.eu\/index.php\/wp-json\/wp\/v2\/pages\/173\/revisions\/787"}],"wp:attachment":[{"href":"https:\/\/lagris.eu\/index.php\/wp-json\/wp\/v2\/media?parent=173"}],"curies":[{"name":"wp","href":"https:\/\/api.w.org\/{rel}","templated":true}]}}