{"id":449,"date":"2023-01-30T09:04:01","date_gmt":"2023-01-30T09:04:01","guid":{"rendered":"http:\/\/lagris.eu\/?page_id=449"},"modified":"2024-01-26T13:42:17","modified_gmt":"2024-01-26T13:42:17","slug":"jine-weby","status":"publish","type":"page","link":"https:\/\/lagris.eu\/index.php\/jine-weby\/","title":{"rendered":"Jin\u00e9 weby"},"content":{"rendered":"<p>[et_pb_section fb_built=&#8221;1&#8243; _builder_version=&#8221;4.13.0&#8243; _module_preset=&#8221;default&#8221; global_colors_info=&#8221;{}&#8221;][et_pb_row _builder_version=&#8221;4.13.0&#8243; _module_preset=&#8221;default&#8221; global_colors_info=&#8221;{}&#8221;][et_pb_column type=&#8221;4_4&#8243; _builder_version=&#8221;4.13.0&#8243; _module_preset=&#8221;default&#8221; global_colors_info=&#8221;{}&#8221;][et_pb_text _builder_version=&#8221;4.13.0&#8243; _module_preset=&#8221;default&#8221; global_colors_info=&#8221;{}&#8221;]<\/p>\n<h1>Jin\u00e9 weby v\u011bnuj\u00edc\u00ed se bezpe\u010dnosti d\u011bt\u00ed<\/h1>\n<p>[\/et_pb_text][et_pb_text _builder_version=&#8221;4.13.0&#8243; _module_preset=&#8221;default&#8221; hover_enabled=&#8221;0&#8243; global_colors_info=&#8221;{}&#8221; sticky_enabled=&#8221;0&#8243;]<\/p>\n<p>(aktualizov\u00e1no: 26.1.2024)<\/p>\n<p>[\/et_pb_text][et_pb_divider _builder_version=&#8221;4.13.0&#8243; _module_preset=&#8221;default&#8221; global_colors_info=&#8221;{}&#8221;][\/et_pb_divider][\/et_pb_column][\/et_pb_row][et_pb_row _builder_version=&#8221;4.13.0&#8243; _module_preset=&#8221;default&#8221; global_colors_info=&#8221;{}&#8221;][et_pb_column type=&#8221;4_4&#8243; _builder_version=&#8221;4.13.0&#8243; _module_preset=&#8221;default&#8221; global_colors_info=&#8221;{}&#8221;][et_pb_text _builder_version=&#8221;4.13.0&#8243; _module_preset=&#8221;default&#8221; global_colors_info=&#8221;{}&#8221;]<\/p>\n<table width=\"100%\">\n<tbody>\n<tr>\n<td width=\"19%\">\n<p><strong>N\u00e1zev<\/strong><\/p>\n<\/td>\n<td width=\"49%\">\n<p><strong>Charakteristika<\/strong><\/p>\n<\/td>\n<td width=\"31%\">\n<p><strong>odkaz<\/strong><\/p>\n<\/td>\n<\/tr>\n<tr>\n<td width=\"19%\">\n<p>Bezpe\u010dn\u00e9 cesty<\/p>\n<\/td>\n<td width=\"49%\">\n<p>Jedn\u00e1 se o eduka\u010dn\u00ed port\u00e1l, jeho\u017e c\u00edlem je vzd\u011bl\u00e1vat d\u011bti v\u00a0problematice bezpe\u010dnosti silni\u010dn\u00edho provozu a p\u0159edkl\u00e1dat jim \u00fa\u010dinn\u00e9 p\u0159\u00edklady z praxe pro podporu sni\u017eov\u00e1n\u00ed nehodovosti a po\u010dtu zran\u011bn\u00ed (i smrteln\u00fdch). Port\u00e1l obsahuje \u0159adu multimedi\u00e1ln\u00edch prvk\u016f, animac\u00ed a vide\u00ed, kter\u00e9 umo\u017en\u00ed d\u011btem pochopit a zapamatovat si nejd\u016fle\u017eit\u011bj\u0161\u00ed informace a pravidla.<\/p>\n<\/td>\n<td width=\"31%\">\n<p><a href=\"https:\/\/www.bezpecnecesty.cz\/\">https:\/\/www.bezpecnecesty.cz\/<\/a><\/p>\n<\/td>\n<\/tr>\n<tr>\n<td width=\"19%\">\n<p>Prevence d\u011btem<\/p>\n<\/td>\n<td width=\"49%\">\n<p>Jedn\u00e1 se o web, kter\u00fd provozuje spolek slo\u017een\u00fd z profesion\u00e1ln\u00edch z\u00e1chran\u00e1\u0159\u016f, kte\u0159\u00ed se s d\u011btsk\u00fdmi \u00farazy ve sv\u00e9 pr\u00e1ci setk\u00e1vaj\u00ed velmi \u010dasto. V\u011bt\u0161in\u011b \u00faraz\u016f se d\u00e1 p\u0159edej\u00edt spr\u00e1vnou v\u00fdchovou, rozpozn\u00e1n\u00ed rizikov\u00e9 situace a tak\u00e9 osv\u011btou v \u0159ad\u00e1ch dosp\u011bl\u00fdch. Tyto skute\u010dnosti je vedli k zalo\u017een\u00ed spolku Prevence d\u011btem. Od roku 2012 se sna\u017e\u00ed p\u0159isp\u011bt ke zdrav\u00e9mu \u017eivotu d\u011bt\u00ed.<\/p>\n<\/td>\n<td width=\"31%\">\n<p><a href=\"http:\/\/www.prevencedetem.cz\/bezpecnostni-pruprava-deti\/\">http:\/\/www.prevencedetem.cz\/bezpecnostni-pruprava-deti\/<\/a><\/p>\n<\/td>\n<\/tr>\n<tr>\n<td width=\"19%\">\n<p>\u010clov\u011bk v t\u00edsni<\/p>\n<\/td>\n<td width=\"49%\">\n<p>Web t\u00e9to organizace je velice sofistikovan\u00fd a jedn\u00e1 se o str\u00e1nky, kter\u00e9 \u0159e\u0161\u00ed nejen bezpe\u010dnost\u00ed d\u011bt\u00ed ale i \u0161irokou pomoc cel\u00e9 ve\u0159ejnosti v\u00a0mnoha oblastech.<\/p>\n<\/td>\n<td width=\"31%\">\n<p><a href=\"https:\/\/www.clovekvtisni.cz\/\">https:\/\/www.clovekvtisni.cz\/<\/a><\/p>\n<\/td>\n<\/tr>\n<tr>\n<td width=\"19%\">\n<p>Happy Baby<\/p>\n<\/td>\n<td width=\"49%\">\n<p>Tento web se zam\u011b\u0159uje p\u0159edev\u0161\u00edm na matky a jejich vztah k\u00a0d\u00edt\u011bti, na webu se d\u00e1 naj\u00edt velk\u00e9 mno\u017estv\u00ed typ\u016f a rad, jak si poradit s\u00a0v\u00fdchovou d\u011bt\u00ed, a jejich bezpe\u010dnost\u00ed. D\u00e1le tu jsou poskytov\u00e1ny recenze a bezpe\u010dnostn\u00ed zkou\u0161ky hra\u010dek a plen. Na str\u00e1nk\u00e1ch jsou d\u00e1le prov\u00e1d\u011bny sout\u011b\u017ee pro maminky a je zde prov\u00e1d\u011bno i poradenstv\u00ed.<\/p>\n<\/td>\n<td width=\"31%\">\n<p><a href=\"https:\/\/happybaby.cz\/\">https:\/\/happybaby.cz\/<\/a><\/p>\n<\/td>\n<\/tr>\n<tr>\n<td width=\"19%\">\n<p>Baby Online<\/p>\n<\/td>\n<td width=\"49%\">\n<p>Jedn\u00e1 se o web, kter\u00fd d\u00e1v\u00e1 dohromady \u010dl\u00e1nky od r\u016fzn\u00fdch odborn\u00edk\u016f, kte\u0159\u00ed se zab\u00fdvaj\u00ed bezpe\u010dnost\u00ed d\u011bt\u00ed, t\u011bhotenstv\u00edm, p\u00e9\u010di o matku a d\u00edt\u011b, vztahu d\u00edt\u011bte a matky. Na str\u00e1nk\u00e1ch je poskytov\u00e1no \u0161irok\u00e9 spektrum informac\u00ed se zam\u011b\u0159en\u00edm p\u0159edev\u0161\u00edm na d\u011bti a p\u00e9\u010di o n\u011b.<\/p>\n<\/td>\n<td width=\"31%\">\n<p><a href=\"https:\/\/www.babyonline.cz\/\">https:\/\/www.babyonline.cz\/<\/a><\/p>\n<\/td>\n<\/tr>\n<tr>\n<td width=\"19%\">\n<p>D\u011bti v doprav\u011b<\/p>\n<\/td>\n<td width=\"49%\">\n<p>Tyto webov\u00e9 str\u00e1nky byly z\u0159\u00edzeny pro rodi\u010de a pro instituce v\u011bnuj\u00edc\u00ed se v\u00fdchov\u011b a vzd\u011bl\u00e1v\u00e1n\u00ed d\u011bt\u00ed. Najdete zde, jak sv\u00e9 d\u00edt\u011b nejl\u00e9pe chr\u00e1nit p\u0159ed dopravn\u00edmi nehodami a jak jej hravou formou vychov\u00e1vat a vzd\u011bl\u00e1vat k ochran\u011b sv\u00e9ho zdrav\u00ed v oblasti dopravy. Jsou zde ke sta\u017een\u00ed v\u0161echny materi\u00e1ly, kter\u00e9 jsou vytv\u00e1\u0159eny pro \u0161koly, rodi\u010de a d\u011bti.<\/p>\n<\/td>\n<td width=\"31%\">\n<p><a href=\"https:\/\/www.detivdoprave.cz\/\">https:\/\/www.detivdoprave.cz\/<\/a><\/p>\n<\/td>\n<\/tr>\n<tr>\n<td width=\"19%\">\n<p>Internet bezpe\u010dn\u011b<\/p>\n<\/td>\n<td width=\"49%\">\n<p>Projekt Internetem Bezpe\u010dn\u011b si formou r\u016fznorod\u00fdch vzd\u011bl\u00e1vac\u00edch aktivit klade za c\u00edl zv\u00fd\u0161it pov\u011bdom\u00ed u\u017eivatel\u016f o rizic\u00edch v internetov\u00e9m prost\u0159ed\u00ed. Reaguje na nov\u00e9 hrozby v oblasti bezpe\u010dnosti v online prost\u0159ed\u00ed, o kter\u00fdch informuje na sv\u00fdch webov\u00fdch str\u00e1nk\u00e1ch a vzd\u011bl\u00e1vac\u00edch akc\u00edch. T\u00edmto se sna\u017e\u00ed p\u0159edch\u00e1zet n\u00e1sledk\u016fm t\u011bchto hrozeb, p\u0159\u00edpadn\u011b sn\u00ed\u017eit mno\u017estv\u00ed protipr\u00e1vn\u00edho jedn\u00e1n\u00ed p\u00e1chan\u00e9ho v kyberprostoru.<\/p>\n<p>Projekt se sna\u017e\u00ed b\u00fdt inovativn\u00ed a pou\u017e\u00edv\u00e1 nov\u00e9 v\u00fdukov\u00e9 metody, trendy a interaktivn\u00ed p\u0159\u00edstupy v r\u00e1mci sv\u00fdch vzd\u011bl\u00e1vac\u00edch akc\u00ed. Obsahem vzd\u011bl\u00e1vac\u00edch aktivit jsou praktick\u00e9 uk\u00e1zky kybernetick\u00fdch hrozeb spole\u010dn\u011b s konkr\u00e9tn\u00edmi n\u00e1vody, jak se chr\u00e1nit. Mezi hlavn\u00ed c\u00edlov\u00e9 skupiny projektu pat\u0159\u00ed d\u011bti a ml\u00e1de\u017e, rodi\u010de, handicapovan\u00ed, pedagogov\u00e9, specialist\u00e9 v oblasti prevence, zam\u011bstnanci OSPOD, pracovn\u00edci bezpe\u010dnostn\u00edch slo\u017eek.<\/p>\n<\/td>\n<td width=\"31%\">\n<p><a href=\"https:\/\/www.internetembezpecne.cz\/\">https:\/\/www.internetembezpecne.cz\/<\/a><\/p>\n<\/td>\n<\/tr>\n<tr>\n<td width=\"19%\">\n<p>\u0160ance d\u011btem<\/p>\n<\/td>\n<td width=\"49%\">\n<p>Internetov\u00fd port\u00e1l nab\u00edz\u00ed kvalitn\u00ed informace z oblasti zab\u00fdvaj\u00edc\u00ed se ohro\u017een\u00fdmi d\u011btmi v \u010cesk\u00e9 republice. \u010cl\u00e1nky, jsou ur\u010deny zejm\u00e9na rodin\u00e1m s d\u011btmi, kter\u00e9 pot\u0159ebuj\u00ed poradit nebo se zorientovat v probl\u00e9mov\u00e9 situaci, ji\u017e pr\u00e1v\u011b \u0159e\u0161\u00ed. D\u00e1le v\u0161em z\u00e1jemc\u016fm o tematiku ohro\u017een\u00fdch d\u011bt\u00ed. D\u016fle\u017eit\u00e9 podn\u011bty zde mohou naj\u00edt i pracovn\u00edci v oblasti soci\u00e1ln\u00ed pr\u00e1ce s rodinami nebo studenti souvisej\u00edc\u00edch studijn\u00edch obor\u016f. Port\u00e1l tak\u00e9 umo\u017e\u0148uje z\u00edskat kvalitn\u00ed a d\u016fv\u011bryhodn\u00e9 informace v\u0161em d\u00e1rc\u016fm, kte\u0159\u00ed cht\u011bj\u00ed pomoci pot\u0159ebn\u00fdm.<\/p>\n<\/td>\n<td width=\"31%\">\n<p><a href=\"https:\/\/sancedetem.cz\/\">https:\/\/sancedetem.cz\/<\/a><\/p>\n<\/td>\n<\/tr>\n<tr>\n<td width=\"19%\">\n<p>Pampers<\/p>\n<\/td>\n<td width=\"49%\">\n<p>Jedn\u00e1 se o internetov\u00e9 str\u00e1nky zn\u00e1m\u00e9ho v\u00fdrobce plen, kter\u00fd na sv\u00fdch str\u00e1nk\u00e1ch zve\u0159ejnuje rady a typy v\u011bnuj\u00edc\u00ed se oblasti bezpe\u010dnosti d\u011bt\u00ed, d\u00e1le pak informace o produktech a jejich v\u00fdhod\u00e1ch v\u00a0zaji\u0161t\u011bn\u00ed zdrav\u00fd d\u011btem.<\/p>\n<\/td>\n<td width=\"31%\">\n<p><a href=\"https:\/\/www.pampers.cz\/kojenec\/bezpecnost-deti-doma\">https:\/\/www.pampers.cz\/kojenec<\/a><\/p>\n<\/td>\n<\/tr>\n<tr>\n<td width=\"19%\">\n<p>Rodi\u010de a d\u011bti<\/p>\n<\/td>\n<td width=\"49%\">\n<p>Jedn\u00e1 se o port\u00e1l, kter\u00fd m\u00e1 za c\u00edl poradit rodi\u010d\u016fm, jak spr\u00e1vn\u011b pe\u010dovat o jejich d\u011bti, jsou zde \u0159e\u0161eny nejen d\u011bti p\u0159ed\u0161koln\u00edho v\u011bku ale i \u0161kol\u00e1ci a dosp\u00edvaj\u00ed. Str\u00e1nky jsou zalo\u017eeny na zve\u0159ej\u0148ov\u00e1n\u00ed odborn\u00fdch \u010dl\u00e1nk\u016f ze sv\u011bta.<\/p>\n<\/td>\n<td width=\"31%\">\n<p><a href=\"https:\/\/www.rodice-a-deti.cz\/\">https:\/\/www.rodice-a-deti.cz\/<\/a><\/p>\n<\/td>\n<\/tr>\n<tr>\n<td width=\"19%\">\n<p>Po\u017e\u00e1ry.cz<\/p>\n<\/td>\n<td width=\"49%\">\n<p>Tato internetov\u00e1 str\u00e1nka zve\u0159ejnuje \u010dl\u00e1nky zam\u011b\u0159en\u00e9 na vzd\u011bl\u00e1v\u00e1n\u00ed d\u011bt\u00ed a \u0161irok\u00e9 ve\u0159ejnosti v\u00a0oblasti po\u017e\u00e1rn\u00ed ochrany. Str\u00e1nky k\u00a0tomu vyu\u017e\u00edvaj\u00ed malovan\u00e9 obr\u00e1zky, na kter\u00fdch se sna\u017e\u00ed vysv\u011btlit nebezpe\u010dnost situace a spr\u00e1vn\u00e9ho \u0159e\u0161en\u00ed. Hlavn\u00edm p\u0159edm\u011btem str\u00e1nek jsou hasi\u010di a jejich \u010dinnost.<\/p>\n<\/td>\n<td width=\"31%\">\n<p><a href=\"https:\/\/www.pozary.cz\/vzdelavani\/\">https:\/\/www.pozary.cz\/vzdelavani\/<\/a><\/p>\n<\/td>\n<\/tr>\n<tr>\n<td width=\"19%\">\n<p>Besip<\/p>\n<\/td>\n<td width=\"49%\">\n<p>Jedn\u00e1 se o zn\u00e1m\u00e9 internetov\u00e9 str\u00e1nky, kter\u00e9 poskytuj\u00ed informace pro laickou i odbornou ve\u0159ejnost v problematice bezpe\u010dnosti silni\u010dn\u00edho provozu. V\u00a0r\u00e1mci dopravn\u00ed v\u00fdchovy jsou zde poskytov\u00e1ny informace o hodnotov\u00e9ho syst\u00e9mu, d\u00e1le pak o v\u00fduce dopravn\u00ed v\u00fdchovy na z\u00e1kladn\u00edch \u0161kol\u00e1ch v\u010detn\u011b metodick\u00e9 a didaktick\u00e9 podpory v\u00fduky dopravn\u00ed v\u00fdchovy.<\/p>\n<\/td>\n<td width=\"31%\">\n<p><a href=\"https:\/\/besip.cz\/Tematicke-stranky\/Dopravni-vychova-deti\/Ridici,-pozor-deti!\/Jak-zajistit-bezpeci-deti-podle-veku\">https:\/\/besip.cz\/Jak-zajistit-bezpeci-deti-podle-veku<\/a><\/p>\n<\/td>\n<\/tr>\n<tr>\n<td width=\"19%\">\n<p>Safe internet<\/p>\n<\/td>\n<td width=\"49%\">\n<p>Na t\u011bchto str\u00e1nk\u00e1ch jsou zve\u0159ejnov\u00e1ny \u010dl\u00e1nky, kter\u00e9 maj\u00ed za c\u00edl zhodnotit r\u016fzn\u00e9 aplikace a p\u0159in\u00e9st o nich bezpe\u010dnostn\u00ed informace. Je zde kladem d\u016fraz na bezpe\u010dnost t\u011bchto aplikac\u00ed a informac\u00ed, kter\u00e9 jsou pro u\u017eivatel\u00e9 d\u016fle\u017eit\u00e9. \u010cl\u00e1nky poskytuj\u00ed informace pro u\u017eivatele, p\u0159edev\u0161\u00edm pro d\u011bti, aby v\u011bd\u011bli, jak se bezpe\u010dn\u011b chovat p\u0159i pou\u017e\u00edv\u00e1n\u00ed aplikac\u00ed.<\/p>\n<\/td>\n<td width=\"31%\">\n<p><a href=\"https:\/\/www.saferinternet.cz\/\">https:\/\/www.saferinternet.cz\/<\/a><\/p>\n<\/td>\n<\/tr>\n<tr>\n<td width=\"19%\">\n<p>Linka bezpe\u010d\u00ed<\/p>\n<\/td>\n<td width=\"49%\">\n<p>Tento web pom\u00e1h\u00e1 d\u011btem a student\u016fm, kte\u0159\u00ed se dostanou do n\u00e1ro\u010dn\u00e9 \u017eivotn\u00ed situace nebo \u0159e\u0161\u00ed ka\u017edodenn\u00ed starosti a probl\u00e9my, s kter\u00fdmi si nev\u00ed rady. Velkou pozornost v\u011bnuje prevenci. Pravideln\u011b se zapojuje do odborn\u00fdch a ve\u0159ejn\u00fdch akc\u00ed, kter\u00e9 p\u0159isp\u00edvaj\u00ed k rozvoji p\u00e9\u010de o du\u0161evn\u00ed zdrav\u00ed d\u011bt\u00ed a mladistv\u00fdch. Db\u00e1 na vysokou odbornost slu\u017eeb poskytovanou d\u011btem a jejich bl\u00edzk\u00fdm. Str\u00e1nky se d\u00e1le v\u011bnuj\u00ed du\u0161evn\u00ed hygien\u011b a pravideln\u00e9mu vzd\u011bl\u00e1v\u00e1n\u00ed.<\/p>\n<\/td>\n<td width=\"31%\">\n<p><a href=\"https:\/\/www.linkabezpeci.cz\/pomoc\">https:\/\/www.linkabezpeci.cz\/pomoc<\/a><\/p>\n<\/td>\n<\/tr>\n<tr>\n<td width=\"19%\">\n<p>D\u00edt\u011b v krizi<\/p>\n<\/td>\n<td width=\"49%\">\n<p>Posl\u00e1n\u00edm slu\u017eby krizov\u00e9 pomoci D\u011btsk\u00e9ho krizov\u00e9ho centra, z.\u00fa.\u00a0 je poskytov\u00e1n\u00ed odborn\u00e9 psychosoci\u00e1ln\u00ed pomoci specializovan\u00e9 na krizov\u00e9 \u017eivotn\u00ed situace a zejm\u00e9na na problematiku d\u011bt\u00ed t\u00fdran\u00fdch, zneu\u017e\u00edvan\u00fdch, zanedb\u00e1van\u00fdch \u010di jinak ohro\u017een\u00fdch na zdrav\u00e9m v\u00fdvoji a poskytov\u00e1n\u00ed odborn\u00e9 pomoci d\u011btem a jejich rodin\u00e1m v z\u00e1va\u017en\u00fdch \u017eivotn\u00edch situac\u00edch, kter\u00e9 vn\u00edmaj\u00ed jako nal\u00e9hav\u00e9, ohro\u017euj\u00edc\u00ed a krizov\u00e9 a neda\u0159\u00ed se ji zvl\u00e1dat b\u011b\u017en\u00fdmi zp\u016fsoby.<\/p>\n<\/td>\n<td width=\"31%\">\n<p><a href=\"https:\/\/www.ditekrize.cz\/pomahame-detem\/\">https:\/\/www.ditekrize.cz\/pomahame-detem\/<\/a><\/p>\n<\/td>\n<\/tr>\n<tr>\n<td width=\"19%\">\n<p>SZU<\/p>\n<\/td>\n<td width=\"49%\">\n<p>Tato str\u00e1nka poskytuje velk\u00e9 mno\u017estv\u00ed \u010dl\u00e1nk\u016f a odborn\u00fdch publikac\u00ed t\u00fdkaj\u00edc\u00ed se bezpe\u010dnosti. P\u0159edev\u0161\u00edm je nutn\u00e9 zm\u00ednit jejich mini s\u00e9rii \u010dl\u00e1nk\u016f v\u00a0kter\u00e9m publikuji prevenci d\u011btsk\u00fdch \u00farazu v\u00a0mnoha p\u0159\u00edpadech.<\/p>\n<\/td>\n<td width=\"31%\">\n<p><a href=\"https:\/\/szu.cz\/tema\/podpora-zdravi\/prevence-urazu-nasili-a-otrav\">https:\/\/szu.cz\/tema\/podpora-zdravi\/prevence-urazu-nasili-a-otrav<\/a><\/p>\n<\/td>\n<\/tr>\n<tr>\n<td width=\"19%\">\n<p>Bezpe\u010dn\u011b u vody<\/p>\n<\/td>\n<td width=\"49%\">\n<p>Webov\u00e9 str\u00e1nky \u0159e\u0161\u00ed t\u00e9matiku bezpe\u010dnosti d\u011bt\u00ed u vody. Lze zde naleznout videa a v\u00fdukov\u00e9 materi\u00e1ly t\u00fdkaj\u00edc se bezpe\u010dnosti u vody a poskytov\u00e1n\u00ed prvn\u00ed pomoci p\u0159i topen\u00ed. Cel\u00e9 str\u00e1nky \u0159e\u0161\u00ed projekt Bezpe\u010dn\u011b u vody bez nehody. Vodn\u00ed z\u00e1chran\u00e1\u0159 Kvaky se st\u00e1nkem prevence tonut\u00ed a prvn\u00ed pomoci nav\u0161t\u011bvuje p\u0159ehrady, baz\u00e9ny, koupali\u0161t\u011b, aquaparky, d\u011btsk\u00e9 t\u00e1bory i \u0161koly po cel\u00e9 \u010cesk\u00e9 republice.<\/p>\n<\/td>\n<td width=\"31%\">\n<p><a href=\"https:\/\/www.bezpecnedetstvi.cz\/\">https:\/\/www.bezpecnedetstvi.cz\/<\/a><\/p>\n<\/td>\n<\/tr>\n<tr>\n<td width=\"19%\">\n<p>D\u011btstv\u00ed bez \u00farazu<\/p>\n<\/td>\n<td width=\"49%\">\n<p>Ty to webov\u00e9 str\u00e1nky \u0159e\u0161\u00ed p\u0159edch\u00e1zen\u00ed d\u011btsk\u00fdch \u00faraz\u016f. Na st\u00e1nk\u00e1ch lze nal\u00e9zt velk\u00e9 mno\u017estv\u00ed nebezpe\u010dn\u00fdch ud\u00e1lost\u00ed a jejich popis v\u010detn\u011b jejich prevence. D\u00e1le jsou tu zve\u0159ejnov\u00e1ny i instrument\u00e1ln\u00ed videa kter\u00e9 maj\u00ed eduka\u010dn\u00ed charakter.<\/p>\n<\/td>\n<td width=\"31%\">\n<p><a href=\"https:\/\/detstvibezurazu.cz\/o-nas\/\">https:\/\/detstvibezurazu.cz\/o-nas\/<\/a><\/p>\n<\/td>\n<\/tr>\n<tr>\n<td width=\"19%\">\n<p>D\u00e9\u010dko \u010cesk\u00e1 televize<\/p>\n<\/td>\n<td width=\"49%\">\n<p>Na t\u011bchto webov\u00fdch str\u00e1nk\u00e1ch vys\u00edl\u00e1 \u010desk\u00e1 televize velk\u00e9 mno\u017estv\u00ed edukativn\u00edch a vzd\u011bl\u00e1vac\u00ed seri\u00e1lu a po\u0159adu zam\u011b\u0159en\u00fdch na vzd\u011bl\u00e1v\u00e1n\u00ed d\u011bt\u00ed, v\u010detn\u011b po\u0159ad\u016f zam\u011b\u0159en\u00fdch na d\u011btskou bezpe\u010dnost.<\/p>\n<\/td>\n<td width=\"31%\">\n<p><a href=\"https:\/\/decko.ceskatelevize.cz\/\">https:\/\/decko.ceskatelevize.cz\/<\/a><\/p>\n<\/td>\n<\/tr>\n<tr>\n<td width=\"19%\">\n<p>Preventivn\u00ed bu\u0148ka Centra d\u011btsk\u00e9 traumatologie<\/p>\n<\/td>\n<td width=\"49%\">\n<p>Preventivn\u00ed bu\u0148ka Centra d\u011btsk\u00e9 traumatologie je m\u00edstem kde z\u00edsk\u00e1te ve\u0161ker\u00e9 informace o d\u011btsk\u00fdch \u00farazech, \u00fakolem je seznamovat d\u011bti s nej\u010dast\u011bj\u0161\u00edmi mechanismy \u00faraz\u016f, s t\u00edm, jak jim p\u0159edch\u00e1zet a v p\u0159\u00edpad\u011b \u017ee se stanou, jak nejl\u00e9pe zajistit prvn\u00ed pomoc. Na webov\u00fdch str\u00e1nk\u00e1ch lze z\u00edskat nejen obecn\u00e9 informace o uveden\u00e9 problematice. Hlavn\u00edm pr\u016fvodcem je mal\u00fd chlapec Hugo, kter\u00fd ve sv\u00e9m \u017eivot\u011b potkal ji\u017e mnoho \u00faraz\u016f a\u0165 u\u017e jako zran\u011bn\u00fd chlapec nebo jako sv\u011bdek, kter\u00fd \u010dasto pomohl jin\u00fdm d\u011btem, kter\u00fdm se \u00faraz stal. Sou\u010d\u00e1st\u00ed webov\u00fdch str\u00e1nek je tak\u00e9 materi\u00e1l ke sta\u017een\u00ed, kter\u00fd byl zpracov\u00e1n odborn\u00edky v oboru d\u011btsk\u00e9 chirurgie a traumatologie, to v\u0161e pod dozorem zku\u0161en\u00fdch preventist\u016f.<\/p>\n<\/td>\n<td width=\"31%\">\n<p><a href=\"http:\/\/www.detibezurazu.cz\/\">http:\/\/www.detibezurazu.cz\/<\/a><\/p>\n<\/td>\n<\/tr>\n<\/tbody>\n<\/table>\n<p>&nbsp;<\/p>\n<p>[\/et_pb_text][\/et_pb_column][\/et_pb_row][\/et_pb_section]<\/p>\n","protected":false},"excerpt":{"rendered":"<p>Jin\u00e9 weby v\u011bnuj\u00edc\u00ed se bezpe\u010dnosti d\u011bt\u00ed(aktualizov\u00e1no: 26.1.2024) N\u00e1zev Charakteristika odkaz Bezpe\u010dn\u00e9 cesty Jedn\u00e1 se o eduka\u010dn\u00ed port\u00e1l, jeho\u017e c\u00edlem je vzd\u011bl\u00e1vat d\u011bti v\u00a0problematice bezpe\u010dnosti silni\u010dn\u00edho provozu a p\u0159edkl\u00e1dat jim \u00fa\u010dinn\u00e9 p\u0159\u00edklady z praxe pro podporu sni\u017eov\u00e1n\u00ed nehodovosti a po\u010dtu zran\u011bn\u00ed (i smrteln\u00fdch). Port\u00e1l obsahuje \u0159adu multimedi\u00e1ln\u00edch prvk\u016f, animac\u00ed a vide\u00ed, kter\u00e9 umo\u017en\u00ed d\u011btem pochopit a [&hellip;]<\/p>\n","protected":false},"author":1,"featured_media":0,"parent":0,"menu_order":0,"comment_status":"closed","ping_status":"closed","template":"","meta":{"_et_pb_use_builder":"on","_et_pb_old_content":"","_et_gb_content_width":"","footnotes":""},"_links":{"self":[{"href":"https:\/\/lagris.eu\/index.php\/wp-json\/wp\/v2\/pages\/449"}],"collection":[{"href":"https:\/\/lagris.eu\/index.php\/wp-json\/wp\/v2\/pages"}],"about":[{"href":"https:\/\/lagris.eu\/index.php\/wp-json\/wp\/v2\/types\/page"}],"author":[{"embeddable":true,"href":"https:\/\/lagris.eu\/index.php\/wp-json\/wp\/v2\/users\/1"}],"replies":[{"embeddable":true,"href":"https:\/\/lagris.eu\/index.php\/wp-json\/wp\/v2\/comments?post=449"}],"version-history":[{"count":7,"href":"https:\/\/lagris.eu\/index.php\/wp-json\/wp\/v2\/pages\/449\/revisions"}],"predecessor-version":[{"id":782,"href":"https:\/\/lagris.eu\/index.php\/wp-json\/wp\/v2\/pages\/449\/revisions\/782"}],"wp:attachment":[{"href":"https:\/\/lagris.eu\/index.php\/wp-json\/wp\/v2\/media?parent=449"}],"curies":[{"name":"wp","href":"https:\/\/api.w.org\/{rel}","templated":true}]}}