{"id":529,"date":"2023-11-02T06:57:50","date_gmt":"2023-11-02T06:57:50","guid":{"rendered":"http:\/\/lagris.eu\/?page_id=529"},"modified":"2024-04-02T12:33:25","modified_gmt":"2024-04-02T12:33:25","slug":"resiteleprojektu","status":"publish","type":"page","link":"https:\/\/lagris.eu\/index.php\/resiteleprojektu\/","title":{"rendered":"\u0158e\u0161itel\u00e9 projektu"},"content":{"rendered":"<p>[et_pb_section fb_built=&#8221;1&#8243; _builder_version=&#8221;4.13.0&#8243; _module_preset=&#8221;default&#8221; global_colors_info=&#8221;{}&#8221;][\/et_pb_section][et_pb_section fb_built=&#8221;1&#8243; _builder_version=&#8221;4.13.0&#8243; _module_preset=&#8221;default&#8221; global_colors_info=&#8221;{}&#8221;][et_pb_row _builder_version=&#8221;4.13.0&#8243; _module_preset=&#8221;default&#8221; global_colors_info=&#8221;{}&#8221;][et_pb_column type=&#8221;4_4&#8243; _builder_version=&#8221;4.13.0&#8243; _module_preset=&#8221;default&#8221; global_colors_info=&#8221;{}&#8221;][et_pb_slider use_bg_overlay=&#8221;off&#8221; use_text_overlay=&#8221;off&#8221; _builder_version=&#8221;4.13.0&#8243; _module_preset=&#8221;default&#8221; header_text_color=&#8221;#000000&#8243; body_text_color=&#8221;#000000&#8243; background_image=&#8221;http:\/\/lagris.eu\/wp-content\/uploads\/2021\/11\/img-header.jpg&#8221; custom_button=&#8221;on&#8221; button_text_size=&#8221;1px&#8221; button_text_color=&#8221;RGBA(0,0,0,0)&#8221; button_alignment=&#8221;right&#8221; transform_scale=&#8221;101%|101%&#8221; border_width_all_image=&#8221;0px&#8221; border_radii_image_tablet=&#8221;&#8221; border_radii_image_phone=&#8221;&#8221; border_radii_image_last_edited=&#8221;on|phone&#8221; box_shadow_style_image=&#8221;preset2&#8243; global_colors_info=&#8221;{}&#8221;][et_pb_slide heading=&#8221;PhDr. Barbora Loudov\u00e1 Stralczynsk\u00e1, Ph.D.&#8221; button_text=&#8221;Click Here&#8221; image=&#8221;http:\/\/lagris.eu\/wp-content\/uploads\/2021\/12\/Loudova_foto-1-200&#215;300.jpg&#8221; _builder_version=&#8221;4.13.0&#8243; _module_preset=&#8221;default&#8221; global_colors_info=&#8221;{}&#8221; sticky_transition=&#8221;on&#8221;]<\/p>\n<p><span>Mana\u017eer projektu<\/span><\/p>\n<p style=\"text-align: justify;\"><span>Od roku 2012 p\u016fsob\u00ed na Pedagogick\u00e9 fakult\u011b UK na kated\u0159e preprim\u00e1rn\u00ed a prim\u00e1rn\u00ed pedagogiky.<br \/>Ve sv\u00e9 pedagogick\u00e9 a v\u011bdeck\u00e9 \u010dinnosti se zam\u011b\u0159uje na komparativn\u00ed pedagogiku, ot\u00e1zky inkluzivn\u00edho vzd\u011bl\u00e1v\u00e1n\u00ed a didaktiku p\u0159ed\u0161koln\u00ed v\u00fdchovy. V r\u00e1mci srovn\u00e1vac\u00ed pedagogiky se zab\u00fdv\u00e1 inovativn\u00edm metodami, reformami v preprim\u00e1rn\u00edm vzd\u011bl\u00e1v\u00e1n\u00ed a odborn\u00e9 p\u0159\u00edprav\u011b p\u0159ed\u0161koln\u00edch pedagog\u016f v Evrop\u011b.<\/span><\/p>\n<p>[\/et_pb_slide][et_pb_slide heading=&#8221;prof. PhDr. Martin B\u00edlek, Ph.D.&#8221; button_text=&#8221;Click Here&#8221; image=&#8221;http:\/\/lagris.eu\/wp-content\/uploads\/2022\/01\/stazeny-soubor.jpg&#8221; _builder_version=&#8221;4.13.0&#8243; _module_preset=&#8221;default&#8221; background_color=&#8221;#E02B20&#8243; background_enable_color=&#8221;on&#8221; background_image=&#8221;http:\/\/lagris.eu\/wp-content\/uploads\/2021\/11\/img-header.jpg&#8221; background_enable_image=&#8221;on&#8221; button_alignment=&#8221;left&#8221; text_orientation=&#8221;left&#8221; background_layout=&#8221;light&#8221; global_colors_info=&#8221;{}&#8221; sticky_transition=&#8221;on&#8221;]<\/p>\n<p>\u0158e\u0161itel projektu<\/p>\n<p>Ve sv\u00e9 odborn\u00e9 \u010dinnosti se zab\u00fdv\u00e1 p\u0159edev\u0161\u00edm didaktikou chemie. Vyu\u010duje na kated\u0159e chemie a didaktiky chemie PedF UK.<\/p>\n<p>[\/et_pb_slide][et_pb_slide heading=&#8221;Doc. RNDr. Mgr. Petr Adolf Sk\u0159ehot, Ph.D., MSc.&#8221; button_text=&#8221;Click Here&#8221; image=&#8221;http:\/\/lagris.eu\/wp-content\/uploads\/2022\/01\/Skrehot_foto-225&#215;300.jpg&#8221; _builder_version=&#8221;4.13.0&#8243; _module_preset=&#8221;default&#8221; global_colors_info=&#8221;{}&#8221; sticky_transition=&#8221;on&#8221;]<\/p>\n<p style=\"text-align: justify;\"><span>\u0158e\u0161itel projektu<\/span><\/p>\n<p style=\"text-align: justify;\">Je \u0159editelem Znaleck\u00e9ho \u00fastavu bezpe\u010dnosti a ochrany zdrav\u00ed, z.\u00fa.<\/p>\n<p>[\/et_pb_slide][et_pb_slide heading=&#8221;PaedDr. Eva Mar\u00e1dov\u00e1, CSc.&#8221; button_text=&#8221;Click Here&#8221; image=&#8221;http:\/\/lagris.eu\/wp-content\/uploads\/2022\/01\/Maradova_foto-300&#215;200.jpg&#8221; _builder_version=&#8221;4.13.0&#8243; _module_preset=&#8221;default&#8221; global_colors_info=&#8221;{}&#8221; sticky_transition=&#8221;on&#8221;]<\/p>\n<p><span>\u0158e\u0161itelka projektu<\/span><\/p>\n<p style=\"text-align: justify;\"><span>Vytvo\u0159ila koncepci vzd\u011bl\u00e1v\u00e1n\u00ed u\u010ditel\u016f na UK v Praze se zam\u011b\u0159en\u00edm na v\u00fdchovu ke zdrav\u00ed. Vyu\u010duje na kated\u0159e speci\u00e1ln\u00ed pedagogiky PedF UK.<\/span><\/p>\n<p>[\/et_pb_slide][et_pb_slide heading=&#8221;RNDr. Kate\u0159ina Chroustov\u00e1, Ph.D.&#8221; button_text=&#8221;Click Here&#8221; image=&#8221;http:\/\/lagris.eu\/wp-content\/uploads\/2022\/10\/Katerina-CH-225&#215;300.jpg&#8221; _builder_version=&#8221;4.13.0&#8243; _module_preset=&#8221;default&#8221; global_colors_info=&#8221;{}&#8221; sticky_transition=&#8221;on&#8221;]<\/p>\n<p><span>\u0158e\u0161itelka projektu<\/span><\/p>\n<p style=\"text-align: justify;\"><span>Vyu\u010duje na kated\u0159e chemie a didaktiky chemie PedF UK.<\/span><\/p>\n<p>[\/et_pb_slide][et_pb_slide heading=&#8221;Mgr. Jana Kr\u00e1tk\u00e1, Ph.D&#8221; button_text=&#8221;Click Here&#8221; image=&#8221;http:\/\/lagris.eu\/wp-content\/uploads\/2022\/01\/Kratka_foto-200&#215;300.jpg&#8221; _builder_version=&#8221;4.13.0&#8243; _module_preset=&#8221;default&#8221; global_colors_info=&#8221;{}&#8221; sticky_transition=&#8221;on&#8221;]<\/p>\n<p><span>\u0158e\u0161itelka projektu<\/span><\/p>\n<p><span>Vyu\u010duje na kated\u0159e preprim\u00e1rn\u00ed a prim\u00e1rn\u00ed pedagogiky.<\/span><\/p>\n<p>[\/et_pb_slide][et_pb_slide heading=&#8221;Mgr. Jaroslav P\u011bni\u010dka&#8221; button_text=&#8221;Click Here&#8221; image=&#8221;http:\/\/lagris.eu\/wp-content\/uploads\/2022\/01\/518105E3-9B40-4D98-B70C-43A953BDE56E_1_201_a-1-225&#215;300-1.jpeg&#8221; _builder_version=&#8221;4.13.0&#8243; _module_preset=&#8221;default&#8221; global_colors_info=&#8221;{}&#8221; sticky_transition=&#8221;on&#8221;]<\/p>\n<p><span>\u0158e\u0161itel projektu<\/span><\/p>\n<p>[\/et_pb_slide][et_pb_slide heading=&#8221;Sylva Francov\u00e1&#8221; button_text=&#8221;Click Here&#8221; image=&#8221;http:\/\/lagris.eu\/wp-content\/uploads\/2022\/02\/Sylva-Francova-237&#215;300.jpg&#8221; _builder_version=&#8221;4.13.0&#8243; _module_preset=&#8221;default&#8221; global_colors_info=&#8221;{}&#8221; sticky_transition=&#8221;on&#8221;]<\/p>\n<p>V\u00fdtvarn\u00edk projektu<\/p>\n<p style=\"text-align: justify;\"><span>Vystudovala Akademii v\u00fdtvarn\u00fdch um\u011bn\u00ed a Pedagogickou fakultu UK v Praze.\u00a0 \u00a0Vyu\u010duje na kated\u0159e v\u00fdtvarn\u00e9 v\u00fdchovy Pedagogick\u00e9 fakulty Univerzity Karlovy. V\u011bnuje se fotografii, autorsk\u00e9 kni\u017en\u00ed tvorb\u011b, ilustraci nebo grafice.<\/span><\/p>\n<p>[\/et_pb_slide][et_pb_slide heading=&#8221;Ivanka Galambov\u00e1&#8221; button_text=&#8221;Click Here&#8221; image=&#8221;http:\/\/lagris.eu\/wp-content\/uploads\/2023\/11\/Ivanka-Galambova.jpg&#8221; _builder_version=&#8221;4.13.0&#8243; _module_preset=&#8221;default&#8221; global_colors_info=&#8221;{}&#8221; sticky_transition=&#8221;on&#8221;]<\/p>\n<p><span>Vystudovala Grafick\u00fd design na St\u0159edn\u00ed um\u011bleck\u00e9 \u0161kole V\u00e1clava<\/span><br \/><span>Hollara v Praze.<\/span><\/p>\n<p><span>Studuje na kated\u0159e v\u00fdtvarn\u00e9 v\u00fdchovy Pedagogick\u00e9 fakulty Univerzity<\/span><br \/><span>Karlovy. <\/span><span>V\u011bnuje se tak\u00e9 ilustraci, um\u011bleck\u00e9 grafice, kresb\u011b.<\/span><\/p>\n<p>[\/et_pb_slide][et_pb_slide heading=&#8221;Lagris&#8221; button_text=&#8221;Click Here&#8221; image=&#8221;http:\/\/lagris.eu\/wp-content\/uploads\/2021\/11\/img-lagris-kruh-neg-300&#215;300.png&#8221; _builder_version=&#8221;4.13.0&#8243; _module_preset=&#8221;default&#8221; background_color=&#8221;RGBA(0,0,0,0)&#8221; background_enable_color=&#8221;on&#8221; global_colors_info=&#8221;{}&#8221; sticky_transition=&#8221;on&#8221;]<\/p>\n<p>Maskot<\/p>\n<p>&nbsp;<\/p>\n<p>[\/et_pb_slide][\/et_pb_slider][\/et_pb_column][\/et_pb_row][et_pb_row column_structure=&#8221;1_5,1_5,1_5,1_5,1_5&#8243; _builder_version=&#8221;4.13.0&#8243; _module_preset=&#8221;default&#8221; global_colors_info=&#8221;{}&#8221;][et_pb_column type=&#8221;1_5&#8243; _builder_version=&#8221;4.13.0&#8243; _module_preset=&#8221;default&#8221; global_colors_info=&#8221;{}&#8221;][et_pb_team_member name=&#8221;PhDr. Barbora Loudov\u00e1 Stralczynsk\u00e1, Ph.D.&#8221; position=&#8221;Mana\u017eer projektu&#8221; image_url=&#8221;http:\/\/lagris.eu\/wp-content\/uploads\/2021\/12\/Loudova_foto-1-150&#215;150.jpg&#8221; _builder_version=&#8221;4.13.0&#8243; _module_preset=&#8221;default&#8221; custom_margin=&#8221;1px|-38px||||&#8221; global_colors_info=&#8221;{}&#8221;]<\/p>\n<p style=\"text-align: left;\">Od roku 2012 p\u016fsob\u00ed na Pedagogick\u00e9 fakult\u011b UK na kated\u0159e preprim\u00e1rn\u00ed a prim\u00e1rn\u00ed pedagogiky.<br \/>Ve sv\u00e9 pedagogick\u00e9 a v\u011bdeck\u00e9 \u010dinnosti se zam\u011b\u0159uje na komparativn\u00ed pedagogiku, ot\u00e1zky inkluzivn\u00edho vzd\u011bl\u00e1v\u00e1n\u00ed a didaktiku p\u0159ed\u0161koln\u00ed v\u00fdchovy. V r\u00e1mci srovn\u00e1vac\u00ed pedagogiky se zab\u00fdv\u00e1 inovativn\u00edm metodami, reformami v preprim\u00e1rn\u00edm vzd\u011bl\u00e1v\u00e1n\u00ed a odborn\u00e9 p\u0159\u00edprav\u011b p\u0159ed\u0161koln\u00edch pedagog\u016f v Evrop\u011b.<\/p>\n<p>[\/et_pb_team_member][\/et_pb_column][et_pb_column type=&#8221;1_5&#8243; _builder_version=&#8221;4.13.0&#8243; _module_preset=&#8221;default&#8221; global_colors_info=&#8221;{}&#8221;][et_pb_team_member name=&#8221;PaedDr. Eva Mar\u00e1dov\u00e1, CSc.&#8221; position=&#8221;\u0158e\u0161itelka projektu&#8221; image_url=&#8221;http:\/\/lagris.eu\/wp-content\/uploads\/2022\/01\/Maradova_foto-150&#215;150.jpg&#8221; _builder_version=&#8221;4.13.0&#8243; _module_preset=&#8221;default&#8221; border_radii_image=&#8221;off||||&#8221; global_colors_info=&#8221;{}&#8221;]<\/p>\n<p>Vytvo\u0159ila koncepci vzd\u011bl\u00e1v\u00e1n\u00ed u\u010ditel\u016f na UK v Praze se zam\u011b\u0159en\u00edm na v\u00fdchovu ke zdrav\u00ed. Vyu\u010duje na kated\u0159e speci\u00e1ln\u00ed pedagogiky PedF UK.<\/p>\n<p>[\/et_pb_team_member][et_pb_team_member name=&#8221;Sylva Francov\u00e1&#8221; position=&#8221;V\u00fdtvarn\u00edk projektu&#8221; image_url=&#8221;http:\/\/lagris.eu\/wp-content\/uploads\/2022\/02\/Sylva-Francova-150&#215;150.jpg&#8221; _builder_version=&#8221;4.13.0&#8243; _module_preset=&#8221;default&#8221; global_colors_info=&#8221;{}&#8221;]<\/p>\n<p><span>Vystudovala Akademii v\u00fdtvarn\u00fdch um\u011bn\u00ed a Pedagogickou fakultu UK v Praze.\u00a0 \u00a0Vyu\u010duje na kated\u0159e v\u00fdtvarn\u00e9 v\u00fdchovy Pedagogick\u00e9 fakulty Univerzity Karlovy. V\u011bnuje se fotografii, autorsk\u00e9 kni\u017en\u00ed tvorb\u011b, ilustraci nebo grafice.<\/span><\/p>\n<p>[\/et_pb_team_member][\/et_pb_column][et_pb_column type=&#8221;1_5&#8243; _builder_version=&#8221;4.13.0&#8243; _module_preset=&#8221;default&#8221; global_colors_info=&#8221;{}&#8221;][et_pb_team_member name=&#8221;prof. PhDr. Martin B\u00edlek, Ph.D. &#8221; position=&#8221;\u0158e\u0161itel projektu&#8221; image_url=&#8221;http:\/\/lagris.eu\/wp-content\/uploads\/2022\/01\/stazeny-soubor-150&#215;150.jpg&#8221; _builder_version=&#8221;4.13.0&#8243; _module_preset=&#8221;default&#8221; global_colors_info=&#8221;{}&#8221;]<\/p>\n<p><span>Ve sv\u00e9 odborn\u00e9 \u010dinnosti se zab\u00fdv\u00e1 p\u0159edev\u0161\u00edm didaktikou chemie. Vyu\u010duje na kated\u0159e chemie a didaktiky chemie PedF UK.<\/span><\/p>\n<p>[\/et_pb_team_member][et_pb_team_member name=&#8221;RNDr. Kate\u0159ina Chroustov\u00e1, Ph.D.&#8221; position=&#8221;\u0158e\u0161itelka projektu&#8221; image_url=&#8221;http:\/\/lagris.eu\/wp-content\/uploads\/2022\/10\/Katerina-CH-150&#215;150.jpg&#8221; _builder_version=&#8221;4.13.0&#8243; _module_preset=&#8221;default&#8221; global_colors_info=&#8221;{}&#8221;]<\/p>\n<p>Vyu\u010dovala na kated\u0159e chemie a didaktiky chemie PedF UK, v sou\u010dasn\u00e9 dob\u011b vyu\u010duje na Z\u00e1kladn\u00ed \u0161kole v Chlumci nad Cidlinou<\/p>\n<p>[\/et_pb_team_member][\/et_pb_column][et_pb_column type=&#8221;1_5&#8243; _builder_version=&#8221;4.13.0&#8243; _module_preset=&#8221;default&#8221; global_colors_info=&#8221;{}&#8221;][et_pb_team_member name=&#8221;Doc. RNDr. Mgr. Petr Adolf Sk\u0159ehot, Ph.D., MSc.&#8221; position=&#8221;\u0158e\u0161itel projektu&#8221; image_url=&#8221;http:\/\/lagris.eu\/wp-content\/uploads\/2022\/01\/Skrehot_foto-150&#215;150.jpg&#8221; _builder_version=&#8221;4.13.0&#8243; _module_preset=&#8221;default&#8221; global_colors_info=&#8221;{}&#8221;]<\/p>\n<p>Je \u0159editelem Znaleck\u00e9ho \u00fastavu bezpe\u010dnosti a ochrany zdrav\u00ed, z.\u00fa.<\/p>\n<p>[\/et_pb_team_member][et_pb_team_member name=&#8221;Ivanka Galambov\u00e1&#8221; position=&#8221;Grafik&#8221; image_url=&#8221;http:\/\/lagris.eu\/wp-content\/uploads\/2023\/11\/Ivanka-Galambova-150&#215;150.jpg&#8221; _builder_version=&#8221;4.13.0&#8243; _module_preset=&#8221;default&#8221; global_colors_info=&#8221;{}&#8221;]<\/p>\n<p><span>Vystudovala Grafick\u00fd design na St\u0159edn\u00ed um\u011bleck\u00e9 \u0161kole V\u00e1clava<\/span><br \/><span>Hollara v Praze. <\/span><span>Studuje na kated\u0159e v\u00fdtvarn\u00e9 v\u00fdchovy Pedagogick\u00e9 fakulty Univerzity<\/span><br \/><span>Karlovy. <\/span><span>V\u011bnuje se tak\u00e9 ilustraci, um\u011bleck\u00e9 grafice, kresb\u011b.<\/span><\/p>\n<p>[\/et_pb_team_member][\/et_pb_column][et_pb_column type=&#8221;1_5&#8243; _builder_version=&#8221;4.13.0&#8243; _module_preset=&#8221;default&#8221; global_colors_info=&#8221;{}&#8221;][et_pb_team_member name=&#8221;Mgr. Jana Kr\u00e1tk\u00e1, Ph.D.&#8221; position=&#8221;\u0158e\u0161itelka projektu&#8221; image_url=&#8221;http:\/\/lagris.eu\/wp-content\/uploads\/2022\/01\/Kratka_foto-150&#215;150.jpg&#8221; _builder_version=&#8221;4.13.0&#8243; _module_preset=&#8221;default&#8221; global_colors_info=&#8221;{}&#8221;]<\/p>\n<p>Vyu\u010duje na kated\u0159e preprim\u00e1rn\u00ed a prim\u00e1rn\u00ed pedagogiky.<\/p>\n<p>[\/et_pb_team_member][et_pb_team_member name=&#8221;Mgr. Jaroslav P\u011bni\u010dka&#8221; position=&#8221;\u0158e\u0161itel projektu&#8221; image_url=&#8221;http:\/\/lagris.eu\/wp-content\/uploads\/2022\/01\/518105E3-9B40-4D98-B70C-43A953BDE56E_1_201_a-1-225&#215;300-1-150&#215;150.jpeg&#8221; _builder_version=&#8221;4.13.0&#8243; _module_preset=&#8221;default&#8221; custom_padding=&#8221;0px|||||&#8221; global_colors_info=&#8221;{}&#8221;]<\/p>\n<p><span>Spravuje str\u00e1nky projektu a je tv\u016frcem interaktivn\u00edho prost\u0159ed\u00ed Lagris. V sou\u010dasn\u00e9 dob\u011b je vedouc\u00edm Centra celo\u017eivotn\u00edho vzd\u011bl\u00e1v\u00e1n\u00ed Univerzity Karlovy<\/span><\/p>\n<p>[\/et_pb_team_member][\/et_pb_column][\/et_pb_row][\/et_pb_section][et_pb_section fb_built=&#8221;1&#8243; _builder_version=&#8221;4.13.0&#8243; _module_preset=&#8221;default&#8221; global_colors_info=&#8221;{}&#8221;][et_pb_row column_structure=&#8221;1_2,1_2&#8243; _builder_version=&#8221;4.13.0&#8243; _module_preset=&#8221;default&#8221; global_colors_info=&#8221;{}&#8221;][et_pb_column type=&#8221;1_2&#8243; _builder_version=&#8221;4.13.0&#8243; _module_preset=&#8221;default&#8221; global_colors_info=&#8221;{}&#8221;][et_pb_text _builder_version=&#8221;4.13.0&#8243; _module_preset=&#8221;default&#8221; hover_enabled=&#8221;0&#8243; global_colors_info=&#8221;{}&#8221; sticky_enabled=&#8221;0&#8243;]<\/p>\n<h2 style=\"font-weight: 400;\"><span>Lagris zapojen\u00ed studenti a doktorandi<\/span><\/h2>\n<table style=\"font-weight: 400;\">\n<tbody>\n<tr>\n<td style=\"width: 287px;\"><span>Jm\u00e9no<\/span><\/td>\n<td style=\"width: 174px;\"><span>Od-do<\/span><\/td>\n<\/tr>\n<tr>\n<td style=\"width: 287px;\"><span>Mgr. Blanka Nov\u00e1kov\u00e1<\/span><\/td>\n<td style=\"width: 174px;\"><span>2021<\/span><\/td>\n<\/tr>\n<tr>\n<td style=\"width: 287px;\"><span>Mgr. Tereza Nikov\u00e1<\/span><\/td>\n<td style=\"width: 174px;\"><span>2021<\/span><\/td>\n<\/tr>\n<tr>\n<td style=\"width: 287px;\"><span>Kate\u0159ina Dole\u017ealov\u00e1<\/span><\/td>\n<td style=\"width: 174px;\"><span>2021<\/span><\/td>\n<\/tr>\n<tr>\n<td style=\"width: 287px;\"><span>Bc. Veronika Ra\u0161kov\u00e1<\/span><\/td>\n<td style=\"width: 174px;\"><span>2021<\/span><\/td>\n<\/tr>\n<tr>\n<td style=\"width: 287px;\"><span>Mgr. Mark\u00e9ta Pulkr\u00e1bkov\u00e1<\/span><\/td>\n<td style=\"width: 174px;\"><span>2021<\/span><\/td>\n<\/tr>\n<tr>\n<td style=\"width: 287px;\"><span>Bc. Kate\u0159ina Kolrosov\u00e1<\/span><\/td>\n<td style=\"width: 174px;\"><span>2021<\/span><\/td>\n<\/tr>\n<tr>\n<td style=\"width: 287px;\"><span>Mgr. Michaela Nekoln\u00e1<\/span><\/td>\n<td style=\"width: 174px;\"><span>2021<\/span><\/td>\n<\/tr>\n<tr>\n<td style=\"width: 287px;\"><span>Mgr. Petra Hanouskov\u00e1<\/span><\/td>\n<td style=\"width: 174px;\"><span>2021<\/span><\/td>\n<\/tr>\n<tr>\n<td style=\"width: 287px;\"><span>Mgr. Jaroslav P\u011bni\u010dka<\/span><\/td>\n<td style=\"width: 174px;\"><span>2021-2022<\/span><\/td>\n<\/tr>\n<tr>\n<td style=\"width: 287px;\"><span>MgA. Helena Bla\u0161kov\u00e1<\/span><\/td>\n<td style=\"width: 174px;\"><span>2021<\/span><\/td>\n<\/tr>\n<tr>\n<td style=\"width: 287px;\"><span>Mgr. Petra Risti\u0107<\/span><\/td>\n<td style=\"width: 174px;\"><span>2021-2023<\/span><\/td>\n<\/tr>\n<tr>\n<td style=\"width: 287px;\"><span>PhDr. Jana Kr\u00e1tk\u00e1, Ph.D.<\/span><\/td>\n<td style=\"width: 174px;\"><span>2021\u20132023<\/span><\/td>\n<\/tr>\n<tr>\n<td style=\"width: 287px;\"><span>PhDr. Martin Bene\u0161<\/span><\/td>\n<td style=\"width: 174px;\"><span>2022-2023<\/span><\/td>\n<\/tr>\n<tr>\n<td style=\"width: 287px;\"><span>Mgr. Monika Semr\u00e1dov\u00e1<\/span><\/td>\n<td style=\"width: 174px;\"><span>2022<\/span><\/td>\n<\/tr>\n<tr>\n<td style=\"width: 287px;\"><span>Mgr. Martina Mat\u011bj\u00ed\u010dek Rozsypalov\u00e1, Ph.D.<\/span><\/td>\n<td style=\"width: 174px;\"><span>2022<\/span><\/td>\n<\/tr>\n<tr>\n<td style=\"width: 287px;\"><span>Mgr. Veronika Kadlecov\u00e1<\/span><\/td>\n<td style=\"width: 174px;\"><span>2022<\/span><\/td>\n<\/tr>\n<tr>\n<td style=\"width: 287px;\"><span>Mgr. Zuzana Mare\u0161ov\u00e1<\/span><\/td>\n<td style=\"width: 174px;\"><span>2022<\/span><\/td>\n<\/tr>\n<tr>\n<td style=\"width: 287px;\"><span>Mgr. Monika Semr\u00e1dov\u00e1<\/span><\/td>\n<td style=\"width: 174px;\"><span>2022<\/span><\/td>\n<\/tr>\n<tr>\n<td style=\"width: 287px;\"><span>PhDr. Martin Bene\u0161<\/span><\/td>\n<td style=\"width: 174px;\"><span>2022-2023<\/span><\/td>\n<\/tr>\n<tr>\n<td style=\"width: 287px;\"><span>Mgr. Anna Waloschkov\u00e1<\/span><\/td>\n<td style=\"width: 174px;\"><span>2022-2023<\/span><\/td>\n<\/tr>\n<tr>\n<td style=\"width: 287px;\"><span>Mgr. Veronika Ba\u010dov\u00e1<\/span><span>, Ph.D.<\/span><\/td>\n<td style=\"width: 174px;\"><span>2022<\/span><\/td>\n<\/tr>\n<tr>\n<td style=\"width: 287px;\"><span>Kate\u0159ina Br\u00e1zov\u00e1<\/span><\/td>\n<td style=\"width: 174px;\"><span>2022<\/span><\/td>\n<\/tr>\n<tr>\n<td style=\"width: 287px;\"><span>Ivanka Galambov\u00e1<\/span><\/td>\n<td style=\"width: 174px;\"><span>2023<\/span><\/td>\n<\/tr>\n<tr>\n<td style=\"width: 287px;\"><span>Kate\u0159ina Ritterov\u00e1<\/span><\/td>\n<td style=\"width: 174px;\"><span>2023<\/span><\/td>\n<\/tr>\n<\/tbody>\n<\/table>\n<p style=\"font-weight: 400;\"><span>\u00a0<\/span><\/p>\n<p>[\/et_pb_text][\/et_pb_column][et_pb_column type=&#8221;1_2&#8243; _builder_version=&#8221;4.13.0&#8243; _module_preset=&#8221;default&#8221; global_colors_info=&#8221;{}&#8221;][et_pb_image src=&#8221;http:\/\/lagris.eu\/wp-content\/uploads\/2021\/11\/img-ulice-scaled.jpg&#8221; title_text=&#8221;img-ulice&#8221; _builder_version=&#8221;4.13.0&#8243; _module_preset=&#8221;default&#8221; animation_style=&#8221;fade&#8221; animation_duration=&#8221;1800ms&#8221; global_colors_info=&#8221;{}&#8221;][\/et_pb_image][et_pb_image src=&#8221;http:\/\/lagris.eu\/wp-content\/uploads\/2021\/11\/img-hriste-scaled.jpg&#8221; title_text=&#8221;img-hriste&#8221; _builder_version=&#8221;4.13.0&#8243; _module_preset=&#8221;default&#8221; global_colors_info=&#8221;{}&#8221;][\/et_pb_image][\/et_pb_column][\/et_pb_row][\/et_pb_section]<\/p>\n","protected":false},"excerpt":{"rendered":"<p>Mana\u017eer projektu Od roku 2012 p\u016fsob\u00ed na Pedagogick\u00e9 fakult\u011b UK na kated\u0159e preprim\u00e1rn\u00ed a prim\u00e1rn\u00ed pedagogiky.Ve sv\u00e9 pedagogick\u00e9 a v\u011bdeck\u00e9 \u010dinnosti se zam\u011b\u0159uje na komparativn\u00ed pedagogiku, ot\u00e1zky inkluzivn\u00edho vzd\u011bl\u00e1v\u00e1n\u00ed a didaktiku p\u0159ed\u0161koln\u00ed v\u00fdchovy. V r\u00e1mci srovn\u00e1vac\u00ed pedagogiky se zab\u00fdv\u00e1 inovativn\u00edm metodami, reformami v preprim\u00e1rn\u00edm vzd\u011bl\u00e1v\u00e1n\u00ed a odborn\u00e9 p\u0159\u00edprav\u011b p\u0159ed\u0161koln\u00edch pedagog\u016f v Evrop\u011b.\u0158e\u0161itel projektu Ve sv\u00e9 [&hellip;]<\/p>\n","protected":false},"author":1,"featured_media":0,"parent":0,"menu_order":0,"comment_status":"closed","ping_status":"closed","template":"","meta":{"_et_pb_use_builder":"on","_et_pb_old_content":"","_et_gb_content_width":"","footnotes":""},"_links":{"self":[{"href":"https:\/\/lagris.eu\/index.php\/wp-json\/wp\/v2\/pages\/529"}],"collection":[{"href":"https:\/\/lagris.eu\/index.php\/wp-json\/wp\/v2\/pages"}],"about":[{"href":"https:\/\/lagris.eu\/index.php\/wp-json\/wp\/v2\/types\/page"}],"author":[{"embeddable":true,"href":"https:\/\/lagris.eu\/index.php\/wp-json\/wp\/v2\/users\/1"}],"replies":[{"embeddable":true,"href":"https:\/\/lagris.eu\/index.php\/wp-json\/wp\/v2\/comments?post=529"}],"version-history":[{"count":15,"href":"https:\/\/lagris.eu\/index.php\/wp-json\/wp\/v2\/pages\/529\/revisions"}],"predecessor-version":[{"id":868,"href":"https:\/\/lagris.eu\/index.php\/wp-json\/wp\/v2\/pages\/529\/revisions\/868"}],"wp:attachment":[{"href":"https:\/\/lagris.eu\/index.php\/wp-json\/wp\/v2\/media?parent=529"}],"curies":[{"name":"wp","href":"https:\/\/api.w.org\/{rel}","templated":true}]}}