{"id":546,"date":"2023-11-02T08:47:13","date_gmt":"2023-11-02T08:47:13","guid":{"rendered":"http:\/\/lagris.eu\/?page_id=546"},"modified":"2024-11-12T10:52:59","modified_gmt":"2024-11-12T10:52:59","slug":"onlineseminar","status":"publish","type":"page","link":"https:\/\/lagris.eu\/index.php\/onlineseminar\/","title":{"rendered":"Online semin\u00e1\u0159"},"content":{"rendered":"<p>[et_pb_section fb_built=&#8221;1&#8243; _builder_version=&#8221;4.13.0&#8243; _module_preset=&#8221;default&#8221; global_colors_info=&#8221;{}&#8221;][et_pb_row column_structure=&#8221;2_5,3_5&#8243; _builder_version=&#8221;4.13.0&#8243; _module_preset=&#8221;default&#8221; global_colors_info=&#8221;{}&#8221;][et_pb_column type=&#8221;2_5&#8243; _builder_version=&#8221;4.13.0&#8243; _module_preset=&#8221;default&#8221; global_colors_info=&#8221;{}&#8221;][et_pb_image src=&#8221;https:\/\/lagris.eu\/wp-content\/uploads\/2021\/11\/img-hriste-scaled.jpg&#8221; title_text=&#8221;img-hriste&#8221; _builder_version=&#8221;4.13.0&#8243; _module_preset=&#8221;default&#8221; global_colors_info=&#8221;{}&#8221;][\/et_pb_image][\/et_pb_column][et_pb_column type=&#8221;3_5&#8243; _builder_version=&#8221;4.13.0&#8243; _module_preset=&#8221;default&#8221; global_colors_info=&#8221;{}&#8221;][et_pb_text _builder_version=&#8221;4.13.0&#8243; _module_preset=&#8221;default&#8221; global_colors_info=&#8221;{}&#8221;]<\/p>\n<h2>Uspo\u0159\u00e1d\u00e1n\u00ed workshopu<\/h2>\n<p>Edukativn\u00ed workshop c\u00edl\u00ed na podporu kompetenc\u00ed u\u010ditel\u016f M\u0160 a Z\u0160, d\u011bt\u00ed a jejich rodi\u010d\u016f v oblasti bezpe\u010dnosti a ochrany zdrav\u00ed. C\u00edlovou skupinou jsou u\u010ditel\u00e9 M\u0160 a Z\u0160, d\u011bti vzd\u011bl\u00e1van\u00e9 v M\u0160 a Z\u0160 a jejich rodi\u010de, p\u0159\u00edpadn\u011b dal\u0161\u00ed skupiny z\u00e1jemc\u016f (nap\u0159. \u0161kolsk\u00e1 za\u0159\u00edzen\u00ed, domy d\u011bt\u00ed a ml\u00e1de\u017ee apod.).<\/p>\n<p>Workshop umo\u017en\u00ed prohloubit znalosti u\u010ditel\u016f v oblasti bezpe\u010dnosti a ochrany zdrav\u00ed d\u011bt\u00ed; kooperaci \u0161koly s rodinami na vzd\u011bl\u00e1v\u00e1n\u00ed k bezpe\u010dn\u00e9mu chov\u00e1n\u00ed a k podpo\u0159e zdrav\u00ed a \u0161\u00ed\u0159en\u00ed edukativn\u00edch materi\u00e1l\u016f a v\u00fdstup\u016f projektu ve \u0161kol\u00e1ch a mezi rodi\u010dovskou ve\u0159ejnost\u00ed. T\u00edm bude dosa\u017eena maximalizace \u00fa\u010dinku hlavn\u00edch v\u00fdstup\u016f projektu v praxi. Workshop prob\u011bhne prim\u00e1rn\u011b na spolupracuj\u00edc\u00edch\/fakultn\u00edch \u0161kol\u00e1ch, bude ale nab\u00eddnut i dal\u0161\u00edm \u0161kol\u00e1m, kter\u00e9 budou m\u00edt o workshop z\u00e1jem (v r\u00e1mci pracovn\u00ed kapacity realiz\u00e1tor\u016f v projektu).<\/p>\n<p>[\/et_pb_text][\/et_pb_column][\/et_pb_row][\/et_pb_section][et_pb_section fb_built=&#8221;1&#8243; _builder_version=&#8221;4.13.0&#8243; _module_preset=&#8221;default&#8221; global_colors_info=&#8221;{}&#8221;][et_pb_row column_structure=&#8221;1_2,1_2&#8243; _builder_version=&#8221;4.13.0&#8243; _module_preset=&#8221;default&#8221; global_colors_info=&#8221;{}&#8221;][et_pb_column type=&#8221;1_2&#8243; _builder_version=&#8221;4.13.0&#8243; _module_preset=&#8221;default&#8221; global_colors_info=&#8221;{}&#8221;][et_pb_image src=&#8221;http:\/\/lagris.eu\/wp-content\/uploads\/2021\/11\/img-lagris-text-neg.png&#8221; title_text=&#8221;img-lagris-text-neg&#8221; _builder_version=&#8221;4.13.0&#8243; _module_preset=&#8221;default&#8221; global_colors_info=&#8221;{}&#8221;][\/et_pb_image][\/et_pb_column][et_pb_column type=&#8221;1_2&#8243; _builder_version=&#8221;4.13.0&#8243; _module_preset=&#8221;default&#8221; global_colors_info=&#8221;{}&#8221;][et_pb_text _builder_version=&#8221;4.13.0&#8243; _module_preset=&#8221;default&#8221; global_colors_info=&#8221;{}&#8221;]<\/p>\n<p style=\"text-align: justify;\"><a href=\"http:\/\/lagris.eu\/wp-content\/uploads\/2023\/11\/Edukacni-workshop-LAGRIS.pdf\"><strong>Eduka\u010dn\u00ed workshop<\/strong> <\/a>je zam\u011b\u0159en na podporu kompetenc\u00ed u\u010ditel\u016f M\u0160 a Z\u0160, d\u011bt\u00ed a jejich rodi\u010d\u016f v oblasti bezpe\u010dnosti a ochrany zdrav\u00ed. C\u00edlovou skupinou jsou u\u010ditel\u00e9 M\u0160 a Z\u0160, d\u011bti vzd\u011bl\u00e1van\u00e9 v M\u0160 a \u017e\u00e1ci 1. stupn\u011b Z\u0160, jejich rodi\u010de a p\u0159\u00edpadn\u011b dal\u0161\u00ed skupiny z\u00e1jemc\u016f.<\/p>\n<p style=\"text-align: justify;\">Workshop umo\u017e\u0148uje pedagog\u016fm prohloubit si sv\u00e9 znalosti a didaktick\u00e9 dovednosti v oblasti bezpe\u010dnosti a ochrany zdrav\u00ed d\u011bt\u00ed a \u017e\u00e1k\u016f; vytv\u00e1\u0159\u00ed prostor pro dal\u0161\u00ed rozv\u00edjen\u00ed kooperace \u0161koly s rodinami na vzd\u011bl\u00e1v\u00e1n\u00ed k bezpe\u010dn\u00e9mu chov\u00e1n\u00ed a k podpo\u0159e zdrav\u00ed; poskytuje p\u0159\u00edle\u017eitosti \u0161\u00ed\u0159it eduka\u010dn\u00ed materi\u00e1ly a v\u00fdstupy projektu LAGRIS ve \u0161kol\u00e1ch a mezi rodi\u010dovskou ve\u0159ejnost\u00ed. T\u00edm v\u00fdznamn\u011b p\u0159isp\u00edv\u00e1 i k maximalizaci efektu kl\u00ed\u010dov\u00fdch v\u00fdstup\u016f tohoto projektu v praxi.<\/p>\n<p style=\"text-align: justify;\">Navr\u017een\u00fd vzd\u011bl\u00e1vac\u00ed obsah workshopu, v\u010detn\u011b mo\u017en\u00e9ho zp\u016fsobu organizace, byl pilotn\u011b ov\u011b\u0159en ve spolupr\u00e1ci se \u0161kolami zapojen\u00fdmi do projektu. Z\u00edskan\u00e9 zku\u0161enost\u00ed byly reflektov\u00e1ny p\u0159i tvorb\u011b fin\u00e1ln\u00ed verze textov\u00e9ho materi\u00e1lu Eduka\u010dn\u00ed workshop LAGRIS, kter\u00fd p\u0159edkl\u00e1d\u00e1 metodicky zpracovan\u00e9 podklady pot\u0159ebn\u00e9 pro realizaci workshopu, jako specializovan\u00e9 eduka\u010dn\u00ed aktivity dal\u0161\u00edm \u0161kol\u00e1m. Popis programu workshopu je dopln\u011bn prezentacemi a odkazy na pot\u0159ebn\u00e9 eduka\u010dn\u00ed materi\u00e1ly p\u0159ipraven\u00e9 v projektu LAGRIS.<\/p>\n<p>[\/et_pb_text][\/et_pb_column][\/et_pb_row][et_pb_row column_structure=&#8221;1_2,1_2&#8243; _builder_version=&#8221;4.13.0&#8243; _module_preset=&#8221;default&#8221; global_colors_info=&#8221;{}&#8221;][et_pb_column type=&#8221;1_2&#8243; _builder_version=&#8221;4.13.0&#8243; _module_preset=&#8221;default&#8221; global_colors_info=&#8221;{}&#8221;][et_pb_gallery gallery_ids=&#8221;679,686,680,683,685&#8243; show_title_and_caption=&#8221;off&#8221; show_pagination=&#8221;off&#8221; _builder_version=&#8221;4.13.0&#8243; _module_preset=&#8221;default&#8221; global_colors_info=&#8221;{}&#8221;][\/et_pb_gallery][\/et_pb_column][et_pb_column type=&#8221;1_2&#8243; _builder_version=&#8221;4.13.0&#8243; _module_preset=&#8221;default&#8221; global_colors_info=&#8221;{}&#8221;][et_pb_text _builder_version=&#8221;4.13.0&#8243; _module_preset=&#8221;default&#8221; global_colors_info=&#8221;{}&#8221;]<\/p>\n<h1>Materi\u00e1ly k sta\u017een\u00ed:<\/h1>\n<p><a href=\"http:\/\/lagris.eu\/wp-content\/uploads\/2023\/11\/Edukacni-workshop-LAGRIS.pdf\"><strong>Eduka\u010dn\u00ed workshop<\/strong> <\/a><\/p>\n<h2><\/h2>\n<h2>Prezentace<\/h2>\n<ol>\n<li><a href=\"http:\/\/lagris.eu\/wp-content\/uploads\/2023\/11\/LAGRIS-prezentace-1.pptx\"><span style=\"font-weight: 400;\">Bezpe\u010dnost a ochrana zdrav\u00ed d\u011bt\u00ed v prost\u0159ed\u00ed rodiny a \u0161koly\u00a0<\/span><\/a><\/li>\n<li><a href=\"http:\/\/lagris.eu\/wp-content\/uploads\/2023\/11\/LAGRIS-prezentace-2.pptx\"><span style=\"font-weight: 400;\">Zn\u00e1me aktu\u00e1ln\u00ed rizika a dok\u00e1\u017eeme d\u011bti\/\u017e\u00e1ky ochr\u00e1nit (brainstorming)\u00a0<\/span><\/a><\/li>\n<li><a href=\"http:\/\/lagris.eu\/wp-content\/uploads\/2023\/11\/LAGRIS-prezentace-3.pptx\"><span style=\"font-weight: 400;\">Kyberbezpe\u010dnost v prost\u0159ed\u00ed \u0161koly a rodiny<\/span><\/a><\/li>\n<li><a href=\"http:\/\/lagris.eu\/wp-content\/uploads\/2023\/11\/LAGRIS-prezentace-4.pptx\"><span style=\"font-weight: 400;\">Prezentace eduka\u010dn\u00edch materi\u00e1l\u016f LAGRIS\u00a0<\/span><\/a><\/li>\n<li><a href=\"http:\/\/lagris.eu\/wp-content\/uploads\/2023\/11\/LAGRIS-prezentace-5.pptx\"><span style=\"font-weight: 400;\">Vyu\u017eit\u00ed Tematick\u00e9ho cyklu Digid\u017eungle v\u00a0edukaci v\u00a0M\u0160 a na 1. st. Z\u0160\u00a0<\/span><\/a><\/li>\n<li style=\"font-weight: 400;\" aria-level=\"1\"><a href=\"http:\/\/lagris.eu\/wp-content\/uploads\/2023\/11\/LAGRIS-prezentace-6.pptx\"><span style=\"font-weight: 400;\">P\u0159\u00edprava 2. bloku workshopu ve \u0161kole\u00a0<\/span><\/a><\/li>\n<\/ol>\n<p>[\/et_pb_text][\/et_pb_column][\/et_pb_row][\/et_pb_section]<\/p>\n","protected":false},"excerpt":{"rendered":"<p>Uspo\u0159\u00e1d\u00e1n\u00ed workshopu Edukativn\u00ed workshop c\u00edl\u00ed na podporu kompetenc\u00ed u\u010ditel\u016f M\u0160 a Z\u0160, d\u011bt\u00ed a jejich rodi\u010d\u016f v oblasti bezpe\u010dnosti a ochrany zdrav\u00ed. C\u00edlovou skupinou jsou u\u010ditel\u00e9 M\u0160 a Z\u0160, d\u011bti vzd\u011bl\u00e1van\u00e9 v M\u0160 a Z\u0160 a jejich rodi\u010de, p\u0159\u00edpadn\u011b dal\u0161\u00ed skupiny z\u00e1jemc\u016f (nap\u0159. \u0161kolsk\u00e1 za\u0159\u00edzen\u00ed, domy d\u011bt\u00ed a ml\u00e1de\u017ee apod.). Workshop umo\u017en\u00ed prohloubit znalosti u\u010ditel\u016f [&hellip;]<\/p>\n","protected":false},"author":1,"featured_media":0,"parent":0,"menu_order":0,"comment_status":"closed","ping_status":"closed","template":"","meta":{"_et_pb_use_builder":"on","_et_pb_old_content":"","_et_gb_content_width":"","footnotes":""},"_links":{"self":[{"href":"https:\/\/lagris.eu\/index.php\/wp-json\/wp\/v2\/pages\/546"}],"collection":[{"href":"https:\/\/lagris.eu\/index.php\/wp-json\/wp\/v2\/pages"}],"about":[{"href":"https:\/\/lagris.eu\/index.php\/wp-json\/wp\/v2\/types\/page"}],"author":[{"embeddable":true,"href":"https:\/\/lagris.eu\/index.php\/wp-json\/wp\/v2\/users\/1"}],"replies":[{"embeddable":true,"href":"https:\/\/lagris.eu\/index.php\/wp-json\/wp\/v2\/comments?post=546"}],"version-history":[{"count":13,"href":"https:\/\/lagris.eu\/index.php\/wp-json\/wp\/v2\/pages\/546\/revisions"}],"predecessor-version":[{"id":878,"href":"https:\/\/lagris.eu\/index.php\/wp-json\/wp\/v2\/pages\/546\/revisions\/878"}],"wp:attachment":[{"href":"https:\/\/lagris.eu\/index.php\/wp-json\/wp\/v2\/media?parent=546"}],"curies":[{"name":"wp","href":"https:\/\/api.w.org\/{rel}","templated":true}]}}