{"id":553,"date":"2023-11-02T08:52:39","date_gmt":"2023-11-02T08:52:39","guid":{"rendered":"http:\/\/lagris.eu\/?page_id=553"},"modified":"2024-01-26T12:05:02","modified_gmt":"2024-01-26T12:05:02","slug":"vyzkumnapraca","status":"publish","type":"page","link":"https:\/\/lagris.eu\/index.php\/vyzkumnapraca\/","title":{"rendered":"V\u00fdzkumn\u00e1 spr\u00e1va"},"content":{"rendered":"<p>[et_pb_section fb_built=&#8221;1&#8243; _builder_version=&#8221;4.13.0&#8243; _module_preset=&#8221;default&#8221; global_colors_info=&#8221;{}&#8221; theme_builder_area=&#8221;post_content&#8221;][et_pb_row column_structure=&#8221;1_2,1_2&#8243; _builder_version=&#8221;4.13.0&#8243; _module_preset=&#8221;default&#8221; global_colors_info=&#8221;{}&#8221; theme_builder_area=&#8221;post_content&#8221;][et_pb_column type=&#8221;1_2&#8243; _builder_version=&#8221;4.13.0&#8243; _module_preset=&#8221;default&#8221; global_colors_info=&#8221;{}&#8221; theme_builder_area=&#8221;post_content&#8221;][et_pb_text _builder_version=&#8221;4.13.0&#8243; _module_preset=&#8221;default&#8221; hover_enabled=&#8221;0&#8243; global_colors_info=&#8221;{}&#8221; theme_builder_area=&#8221;post_content&#8221; sticky_enabled=&#8221;0&#8243;]<\/p>\n<h1><strong>Souhrnn\u00e1 v\u00fdzkumn\u00e1 zpr\u00e1va<\/strong><\/h1>\n<p><strong><\/strong><\/p>\n<p style=\"text-align: justify;\">Uveden\u00fd v\u00fdstup bude shrnovat v\u00fdsledky z\u00edskan\u00e9 jak v r\u00e1mci <strong>anal\u00fdzy dostupn\u00fdch odborn\u00fdch zdroj\u016f \u010desk\u00e9 i zahrani\u010dn\u00ed provenience<\/strong>, <strong>publikac\u00ed<\/strong>, <strong>metodik<\/strong>, <strong>informa\u010dn\u00edch webov\u00fdch str\u00e1nek<\/strong>, <strong>n\u00e1rodn\u00edch\/evropsk\u00fdch vzd\u011bl\u00e1vac\u00edch kampan\u00ed<\/strong> apod., tak i \u0161et\u0159en\u00edm proveden\u00fdm v ter\u00e9nu, kter\u00e9 bude prov\u00e1d\u011bno formou:<\/p>\n<p style=\"text-align: justify;\">a) <strong>sb\u011bru dotazn\u00edk\u016f<\/strong> mezi rodi\u010di a u\u010diteli na M\u0160 a Z\u0160 a rodi\u010di osloven\u00fdmi na ve\u0159ejn\u00fdch vzd\u011bl\u00e1vac\u00edch akc\u00edch;<\/p>\n<p style=\"text-align: justify;\">b) <strong>polostrukturovan\u00fdmi rozhovory<\/strong> s\u00a0vybran\u00fdmi <strong>u\u010diteli<\/strong> ze spolupracuj\u00edc\u00edch \u0161kol, <strong>odborn\u00edky<\/strong> z\u00a0praxe a <strong>rodi\u010di<\/strong> d\u011bt\u00ed\/\u017e\u00e1k\u016f ze spolupracuj\u00edc\u00edch \u0161kol;<\/p>\n<p style=\"text-align: justify;\">c) <strong>anal\u00fdzou<\/strong> z\u00edskan\u00fdch vypln\u011bn\u00fdch <strong>pracovn\u00edch list\u016f<\/strong> zam\u011b\u0159en\u00fdch na evaluaci kompetenc\u00ed d\u011bt\u00ed v\u00a0p\u0159ed\u0161koln\u00edm a mlad\u0161\u00edm \u0161koln\u00edm v\u011bku v\u00a0oblasti bezpe\u010dnosti a ochrany zdrav\u00ed. Zpr\u00e1va bude agregovat z\u00edskan\u00e9 informace a zahrne tak\u00e9 diskusi k\u00a0z\u00edskan\u00fdm poznatk\u016fm.<\/p>\n<p style=\"text-align: justify;\">\u00a0C\u00edlovou skupinou je odborn\u00e1 <strong>pedagogick\u00e1 i rodi\u010dovsk\u00e1 ve\u0159ejnost<\/strong> (zvl. rodi\u010de d\u011bt\u00ed v p\u0159ed\u0161koln\u00edm a mlad\u0161\u00edm \u0161koln\u00edm v\u011bku), u\u010ditel\u00e9 M\u0160 a Z\u0160, studenti u\u010ditelsk\u00fdch a zdravotnick\u00fdch obor\u016f a jejich V\u0160 pedagogov\u00e9, neziskov\u00e9 organizace zam\u011b\u0159uj\u00edc\u00ed se na vzd\u011bl\u00e1v\u00e1n\u00ed d\u011bt\u00ed, na bezpe\u010dnost a ochranu zdrav\u00ed, poskytov\u00e1n\u00ed prvn\u00ed pomoci apod.).<\/p>\n<p>[\/et_pb_text][\/et_pb_column][et_pb_column type=&#8221;1_2&#8243; _builder_version=&#8221;4.13.0&#8243; _module_preset=&#8221;default&#8221; global_colors_info=&#8221;{}&#8221; theme_builder_area=&#8221;post_content&#8221;][et_pb_image src=&#8221;http:\/\/lagris.eu\/wp-content\/uploads\/2021\/11\/img-ulice-scaled.jpg&#8221; title_text=&#8221;img-ulice&#8221; _builder_version=&#8221;4.13.0&#8243; _module_preset=&#8221;default&#8221; animation_style=&#8221;fade&#8221; animation_duration=&#8221;1800ms&#8221; global_colors_info=&#8221;{}&#8221; theme_builder_area=&#8221;post_content&#8221;][\/et_pb_image][\/et_pb_column][\/et_pb_row][et_pb_row _builder_version=&#8221;4.13.0&#8243; _module_preset=&#8221;default&#8221; column_structure=&#8221;1_2,1_2&#8243; theme_builder_area=&#8221;post_content&#8221;][et_pb_column _builder_version=&#8221;4.13.0&#8243; _module_preset=&#8221;default&#8221; type=&#8221;1_2&#8243; theme_builder_area=&#8221;post_content&#8221;][et_pb_image src=&#8221;https:\/\/lagris.eu\/wp-content\/uploads\/2024\/01\/SOUHRNNA-VYZKUMNA-ZPRAVA.png&#8221; _builder_version=&#8221;4.13.0&#8243; _module_preset=&#8221;default&#8221; theme_builder_area=&#8221;post_content&#8221; title_text=&#8221;SOUHRNN\u00c1 V\u00ddZKUMN\u00c1 ZPR\u00c1VA&#8221; hover_enabled=&#8221;0&#8243; sticky_enabled=&#8221;0&#8243;][\/et_pb_image][\/et_pb_column][et_pb_column _builder_version=&#8221;4.13.0&#8243; _module_preset=&#8221;default&#8221; type=&#8221;1_2&#8243; theme_builder_area=&#8221;post_content&#8221;][et_pb_text _builder_version=&#8221;4.13.0&#8243; _module_preset=&#8221;default&#8221; theme_builder_area=&#8221;post_content&#8221; hover_enabled=&#8221;0&#8243; sticky_enabled=&#8221;0&#8243;]<\/p>\n<h2 style=\"text-align: justify;\"><a href=\"https:\/\/lagris.eu\/wp-content\/uploads\/2024\/01\/Souhrnna-vyzkumna-zprava-25-1-2024.pdf\"><span>Lagris Souhrnn\u00e1 v\u00fdzkumn\u00e1 zpr\u00e1va<\/span><\/a><\/h2>\n<h1><span><\/span><\/h1>\n<h1><span>Anotace <\/span><\/h1>\n<p><span><\/span><\/p>\n<p style=\"text-align: justify;\"><span>Dokument p\u0159edstavuje souhrnn\u00fd v\u00fdstup z projektu \u201eAnal\u00fdza a podpora rozvoje kompetenc\u00ed d\u011bt\u00ed v oblasti bezpe\u010dnosti a ochrany zdrav\u00ed\u201c, kter\u00fd byl \u0159e\u0161en v obdob\u00ed 2020 a\u017e 2023. Uveden\u00fd projekt byl podpo\u0159en Technologickou agenturou \u010cesk\u00e9 republiky v r\u00e1mci programu spole\u010denskov\u011bdn\u00edho v\u00fdzkumu \u00c9TA. \u0158e\u0161itelem projektu byla Pedagogick\u00e1 fakulta Univerzity Karlovy a Znaleck\u00fd \u00fastav bezpe\u010dnosti a ochrany zdrav\u00ed, z.\u00fa. C\u00edlem projektu bylo zmapovat, analyzovat a inovovat st\u00e1vaj\u00edc\u00ed p\u0159\u00edstupy aplikovan\u00e9 v na\u0161\u00ed spole\u010dnosti pro prevenci \u00faraz\u016f d\u011bt\u00ed, v\u00fdchovu k bezpe\u010dn\u00e9mu chov\u00e1n\u00ed a v\u00fdchovu ke zdrav\u00ed. Snahou v\u00fdzkumu bylo z\u00edskat ucelen\u00e9 informace o zku\u0161enostech, pot\u0159eb\u00e1ch a n\u00e1zorech rodi\u010d\u016f a pedagog\u016f k dan\u00e9 problematice. Sou\u010d\u00e1st\u00ed \u0159e\u0161en\u00ed bylo vytvo\u0159en\u00ed komplexn\u00edch eduka\u010dn\u00edch materi\u00e1l\u016f pro aktivn\u00ed pr\u00e1ci s d\u011btmi (soubor eduka\u010dn\u00edch materi\u00e1l\u016f, metodick\u00e9 materi\u00e1ly pro u\u010ditele M\u0160, 1. stupn\u011b Z\u0160 a rodi\u010de), realizace odborn\u00e9ho workshopu, vytvo\u0159en\u00ed webov\u00e9 str\u00e1nky a odborn\u00e9 publikace k dan\u00e9mu t\u00e9matu.<\/span><\/p>\n<p>[\/et_pb_text][\/et_pb_column][\/et_pb_row][\/et_pb_section]<\/p>\n","protected":false},"excerpt":{"rendered":"<p>Souhrnn\u00e1 v\u00fdzkumn\u00e1 zpr\u00e1va Uveden\u00fd v\u00fdstup bude shrnovat v\u00fdsledky z\u00edskan\u00e9 jak v r\u00e1mci anal\u00fdzy dostupn\u00fdch odborn\u00fdch zdroj\u016f \u010desk\u00e9 i zahrani\u010dn\u00ed provenience, publikac\u00ed, metodik, informa\u010dn\u00edch webov\u00fdch str\u00e1nek, n\u00e1rodn\u00edch\/evropsk\u00fdch vzd\u011bl\u00e1vac\u00edch kampan\u00ed apod., tak i \u0161et\u0159en\u00edm proveden\u00fdm v ter\u00e9nu, kter\u00e9 bude prov\u00e1d\u011bno formou: a) sb\u011bru dotazn\u00edk\u016f mezi rodi\u010di a u\u010diteli na M\u0160 a Z\u0160 a rodi\u010di osloven\u00fdmi na ve\u0159ejn\u00fdch [&hellip;]<\/p>\n","protected":false},"author":1,"featured_media":0,"parent":0,"menu_order":0,"comment_status":"closed","ping_status":"closed","template":"","meta":{"_et_pb_use_builder":"on","_et_pb_old_content":"","_et_gb_content_width":"","footnotes":""},"_links":{"self":[{"href":"https:\/\/lagris.eu\/index.php\/wp-json\/wp\/v2\/pages\/553"}],"collection":[{"href":"https:\/\/lagris.eu\/index.php\/wp-json\/wp\/v2\/pages"}],"about":[{"href":"https:\/\/lagris.eu\/index.php\/wp-json\/wp\/v2\/types\/page"}],"author":[{"embeddable":true,"href":"https:\/\/lagris.eu\/index.php\/wp-json\/wp\/v2\/users\/1"}],"replies":[{"embeddable":true,"href":"https:\/\/lagris.eu\/index.php\/wp-json\/wp\/v2\/comments?post=553"}],"version-history":[{"count":7,"href":"https:\/\/lagris.eu\/index.php\/wp-json\/wp\/v2\/pages\/553\/revisions"}],"predecessor-version":[{"id":778,"href":"https:\/\/lagris.eu\/index.php\/wp-json\/wp\/v2\/pages\/553\/revisions\/778"}],"wp:attachment":[{"href":"https:\/\/lagris.eu\/index.php\/wp-json\/wp\/v2\/media?parent=553"}],"curies":[{"name":"wp","href":"https:\/\/api.w.org\/{rel}","templated":true}]}}