{"id":577,"date":"2023-11-24T07:40:22","date_gmt":"2023-11-24T07:40:22","guid":{"rendered":"http:\/\/lagris.eu\/?page_id=577"},"modified":"2024-01-28T17:22:10","modified_gmt":"2024-01-28T17:22:10","slug":"interaktivni_lagris","status":"publish","type":"page","link":"https:\/\/lagris.eu\/index.php\/interaktivni_lagris\/","title":{"rendered":"Interaktivn\u00ed prost\u0159ed\u00ed Lagris"},"content":{"rendered":"<p>[et_pb_section fb_built=&#8221;1&#8243; _builder_version=&#8221;4.13.0&#8243; _module_preset=&#8221;default&#8221; global_colors_info=&#8221;{}&#8221;][et_pb_row _builder_version=&#8221;4.13.0&#8243; _module_preset=&#8221;default&#8221; global_colors_info=&#8221;{}&#8221;][et_pb_column type=&#8221;4_4&#8243; _builder_version=&#8221;4.13.0&#8243; _module_preset=&#8221;default&#8221; global_colors_info=&#8221;{}&#8221;][et_pb_text _builder_version=&#8221;4.13.0&#8243; _module_preset=&#8221;default&#8221; global_colors_info=&#8221;{}&#8221;]<\/p>\n<h1>Interaktivn\u00ed prost\u0159ed\u00ed Lagris<\/h1>\n<p>[\/et_pb_text][\/et_pb_column][\/et_pb_row][et_pb_row _builder_version=&#8221;4.13.0&#8243; _module_preset=&#8221;default&#8221; global_colors_info=&#8221;{}&#8221;][et_pb_column type=&#8221;4_4&#8243; _builder_version=&#8221;4.13.0&#8243; _module_preset=&#8221;default&#8221; global_colors_info=&#8221;{}&#8221;][et_pb_text _builder_version=&#8221;4.13.0&#8243; _module_preset=&#8221;default&#8221; global_colors_info=&#8221;{}&#8221;]<\/p>\n<p style=\"text-align: justify;\"><span>Eduka\u010dn\u00ed materi\u00e1ly v r\u00e1mci projektu LAGRIS jsou komplexn\u00ed. V r\u00e1mci interaktivn\u00edho prost\u0159ed\u00ed LAGRIS si mohou na z\u00e1klad\u011b r\u016fzn\u00fdch prost\u0159ed\u00ed u\u010ditel\u00e9 nebo \u017e\u00e1ci vytvo\u0159it specifickou situaci, kterou je mo\u017en\u00e9 ve v\u00fduce vyu\u017e\u00edt na rozvoj kritick\u00e9ho my\u0161len\u00ed, zlep\u0161en\u00ed komunika\u010dn\u00edch dovednost\u00ed, nebo na zkoum\u00e1n\u00ed r\u016fzn\u00fdch sc\u00e9n\u00e1\u0159\u016f a \u0159e\u0161en\u00ed probl\u00e9m\u016f. Tento n\u00e1stroj umo\u017e\u0148uje interaktivn\u00ed a praktick\u00e9 u\u010den\u00ed, poskytuje flexibiln\u00ed platformu pro simulaci re\u00e1ln\u00fdch situac\u00ed, a podporuje tak hlub\u0161\u00ed porozum\u011bn\u00ed problematiky.<\/span><\/p>\n<p>[\/et_pb_text][et_pb_image src=&#8221;https:\/\/lagris.eu\/wp-content\/uploads\/2023\/12\/Screen-Shot-2023-11-27-at-15.10.58-PM.png&#8221; title_text=&#8221;Screen Shot 2023-11-27 at 15.10.58 PM&#8221; align=&#8221;center&#8221; _builder_version=&#8221;4.13.0&#8243; _module_preset=&#8221;default&#8221; width=&#8221;50%&#8221; global_colors_info=&#8221;{}&#8221;][\/et_pb_image][et_pb_button button_url=&#8221;http:\/\/lagris.eu\/index.php\/584-2\/&#8221; button_text=&#8221;Vytvo\u0159te vlastn\u00ed situaci s Lagris&#8221; button_alignment=&#8221;center&#8221; _builder_version=&#8221;4.13.0&#8243; _module_preset=&#8221;default&#8221; global_colors_info=&#8221;{}&#8221;][\/et_pb_button][et_pb_text _builder_version=&#8221;4.13.0&#8243; _module_preset=&#8221;default&#8221; global_colors_info=&#8221;{}&#8221;]<\/p>\n<p style=\"text-align: justify;\"><span>V r\u00e1mci pexesa mohou \u017e\u00e1ci opakovat nadobudnut\u00e9 v\u011bdomosti. Pexeso je dostupn\u00e9 s audiem, kter\u00e9 popisuje situaci, d\u00edky kter\u00e9mu se \u017e\u00e1ci mohou dozv\u011bd\u011bt, zda je situace nebezpe\u010dn\u00e1 a pro\u010d. Alternativn\u011b mohou bez audia sami diskutovat nad situac\u00ed.<\/span><\/p>\n<p>[\/et_pb_text][et_pb_image src=&#8221;https:\/\/lagris.eu\/wp-content\/uploads\/2023\/12\/Screen-Shot-2023-12-04-at-14.11.11-PM.png&#8221; title_text=&#8221;Screen Shot 2023-12-04 at 14.11.11 PM&#8221; _builder_version=&#8221;4.13.0&#8243; _module_preset=&#8221;default&#8221; width=&#8221;50%&#8221; module_alignment=&#8221;center&#8221; global_colors_info=&#8221;{}&#8221;][\/et_pb_image][et_pb_button button_url=&#8221;http:\/\/lagris.eu\/?page_id=612&#8243; button_text=&#8221;Pexeso s audiem&#8221; button_alignment=&#8221;center&#8221; _builder_version=&#8221;4.13.0&#8243; _module_preset=&#8221;default&#8221; global_colors_info=&#8221;{}&#8221;][\/et_pb_button][et_pb_button button_url=&#8221;http:\/\/lagris.eu\/index.php\/603-2\/&#8221; button_text=&#8221;Pexeso&#8221; button_alignment=&#8221;center&#8221; _builder_version=&#8221;4.13.0&#8243; _module_preset=&#8221;default&#8221; global_colors_info=&#8221;{}&#8221;][\/et_pb_button][et_pb_text _builder_version=&#8221;4.13.0&#8243; _module_preset=&#8221;default&#8221; global_colors_info=&#8221;{}&#8221;]<\/p>\n<p><span>V r\u00e1mci aktivit zam\u011b\u0159en\u00fdch na rozpozn\u00e1n\u00ed nebezpe\u010d\u00ed jsou \u017e\u00e1k\u016fm nab\u00eddnuty situace z r\u016fzn\u00fdch prost\u0159ed\u00ed a \u017e\u00e1ci maj\u00ed za \u00fakol prost\u0159ednictv\u00edm v\u00fdb\u011bru ozna\u010dit d\u00edt\u011b v nebezpe\u010d\u00ed.<\/span><\/p>\n<p>[\/et_pb_text][et_pb_image src=&#8221;https:\/\/lagris.eu\/wp-content\/uploads\/2023\/12\/Screen-Shot-2023-12-04-at-14.13.14-PM.png&#8221; title_text=&#8221;Screen Shot 2023-12-04 at 14.13.14 PM&#8221; _builder_version=&#8221;4.13.0&#8243; _module_preset=&#8221;default&#8221; width=&#8221;50%&#8221; module_alignment=&#8221;center&#8221; global_colors_info=&#8221;{}&#8221;][\/et_pb_image][et_pb_button button_url=&#8221;http:\/\/lagris.eu\/index.php\/rozpoznani-nebezpecenstvi\/&#8221; button_text=&#8221;Rozpozn\u00e1n\u00ed nebezpe\u010denstv\u00ed&#8221; button_alignment=&#8221;center&#8221; _builder_version=&#8221;4.13.0&#8243; _module_preset=&#8221;default&#8221; global_colors_info=&#8221;{}&#8221;][\/et_pb_button][et_pb_text _builder_version=&#8221;4.13.0&#8243; _module_preset=&#8221;default&#8221; global_colors_info=&#8221;{}&#8221;]<\/p>\n<p style=\"text-align: justify;\"><span>Karti\u010dky s opakov\u00e1n\u00edm umo\u017en\u00ed \u017e\u00e1k\u016fm prost\u0159ednictv\u00edm audia poznat ne\/bezpe\u010dnost situac\u00ed z r\u016fzn\u00fdch prost\u0159ed\u00ed.<\/span><\/p>\n<p>[\/et_pb_text][et_pb_image src=&#8221;https:\/\/lagris.eu\/wp-content\/uploads\/2023\/12\/Screen-Shot-2023-12-04-at-14.13.45-PM.png&#8221; title_text=&#8221;Screen Shot 2023-12-04 at 14.13.45 PM&#8221; align=&#8221;center&#8221; _builder_version=&#8221;4.13.0&#8243; _module_preset=&#8221;default&#8221; global_colors_info=&#8221;{}&#8221;][\/et_pb_image][et_pb_button button_url=&#8221;http:\/\/lagris.eu\/index.php\/karty-opakovani\/&#8221; button_text=&#8221;Rizikov\u00e9 situace opakov\u00e1n\u00ed&#8221; button_alignment=&#8221;center&#8221; _builder_version=&#8221;4.13.0&#8243; _module_preset=&#8221;default&#8221; global_colors_info=&#8221;{}&#8221;][\/et_pb_button][et_pb_text _builder_version=&#8221;4.13.0&#8243; _module_preset=&#8221;default&#8221; hover_enabled=&#8221;0&#8243; sticky_enabled=&#8221;0&#8243;]<\/p>\n<p style=\"text-align: justify;\"><span>V\u0161echny interaktivn\u00ed materi\u00e1ly jsou vytvo\u0159eny pomoc\u00ed technologie H5P. Tyto materi\u00e1ly mohou b\u00fdt voln\u011b sta\u017eeny a um\u00edst\u011bny na webov\u00e9 str\u00e1nky podporuj\u00edc\u00ed technologii H5P, stejn\u011b jako do LMS syst\u00e9m\u016f vyu\u017e\u00edvan\u00fdch na \u0161kol\u00e1ch. U\u010ditel\u00e9 si tak mohou sestavit materi\u00e1ly podle sv\u00fdch pot\u0159eb. V p\u0159\u00edpad\u011b pot\u0159eby kontaktujte IT specialistu na va\u0161\u00ed \u0161kole, kter\u00fd v\u00e1m m\u016f\u017ee pomoci s integrac\u00ed ve va\u0161\u00ed \u0161kole.<\/span><\/p>\n<p>[\/et_pb_text][\/et_pb_column][\/et_pb_row][\/et_pb_section]<\/p>\n","protected":false},"excerpt":{"rendered":"<p>Interaktivn\u00ed prost\u0159ed\u00ed LagrisEduka\u010dn\u00ed materi\u00e1ly v r\u00e1mci projektu LAGRIS jsou komplexn\u00ed. V r\u00e1mci interaktivn\u00edho prost\u0159ed\u00ed LAGRIS si mohou na z\u00e1klad\u011b r\u016fzn\u00fdch prost\u0159ed\u00ed u\u010ditel\u00e9 nebo \u017e\u00e1ci vytvo\u0159it specifickou situaci, kterou je mo\u017en\u00e9 ve v\u00fduce vyu\u017e\u00edt na rozvoj kritick\u00e9ho my\u0161len\u00ed, zlep\u0161en\u00ed komunika\u010dn\u00edch dovednost\u00ed, nebo na zkoum\u00e1n\u00ed r\u016fzn\u00fdch sc\u00e9n\u00e1\u0159\u016f a \u0159e\u0161en\u00ed probl\u00e9m\u016f. Tento n\u00e1stroj umo\u017e\u0148uje interaktivn\u00ed a praktick\u00e9 u\u010den\u00ed, [&hellip;]<\/p>\n","protected":false},"author":1,"featured_media":0,"parent":0,"menu_order":0,"comment_status":"closed","ping_status":"closed","template":"","meta":{"_et_pb_use_builder":"on","_et_pb_old_content":"","_et_gb_content_width":"","footnotes":""},"_links":{"self":[{"href":"https:\/\/lagris.eu\/index.php\/wp-json\/wp\/v2\/pages\/577"}],"collection":[{"href":"https:\/\/lagris.eu\/index.php\/wp-json\/wp\/v2\/pages"}],"about":[{"href":"https:\/\/lagris.eu\/index.php\/wp-json\/wp\/v2\/types\/page"}],"author":[{"embeddable":true,"href":"https:\/\/lagris.eu\/index.php\/wp-json\/wp\/v2\/users\/1"}],"replies":[{"embeddable":true,"href":"https:\/\/lagris.eu\/index.php\/wp-json\/wp\/v2\/comments?post=577"}],"version-history":[{"count":17,"href":"https:\/\/lagris.eu\/index.php\/wp-json\/wp\/v2\/pages\/577\/revisions"}],"predecessor-version":[{"id":730,"href":"https:\/\/lagris.eu\/index.php\/wp-json\/wp\/v2\/pages\/577\/revisions\/730"}],"wp:attachment":[{"href":"https:\/\/lagris.eu\/index.php\/wp-json\/wp\/v2\/media?parent=577"}],"curies":[{"name":"wp","href":"https:\/\/api.w.org\/{rel}","templated":true}]}}