{"id":627,"date":"2023-11-24T09:06:43","date_gmt":"2023-11-24T09:06:43","guid":{"rendered":"http:\/\/lagris.eu\/?page_id=627"},"modified":"2023-11-24T11:28:17","modified_gmt":"2023-11-24T11:28:17","slug":"karty-opakovani","status":"publish","type":"page","link":"https:\/\/lagris.eu\/index.php\/karty-opakovani\/","title":{"rendered":"Karty opakov\u00e1n\u00ed"},"content":{"rendered":"<p>[et_pb_section fb_built=&#8221;1&#8243; _builder_version=&#8221;4.13.0&#8243; _module_preset=&#8221;default&#8221; global_colors_info=&#8221;{}&#8221;][et_pb_row _builder_version=&#8221;4.13.0&#8243; _module_preset=&#8221;default&#8221; global_colors_info=&#8221;{}&#8221;][et_pb_column type=&#8221;4_4&#8243; _builder_version=&#8221;4.13.0&#8243; _module_preset=&#8221;default&#8221; global_colors_info=&#8221;{}&#8221;][et_pb_text _builder_version=&#8221;4.13.0&#8243; _module_preset=&#8221;default&#8221; hover_enabled=&#8221;0&#8243; global_colors_info=&#8221;{}&#8221; sticky_enabled=&#8221;0&#8243;]<\/p>\n<h1>Rizikov\u00e9 situace opakov\u00e1n\u00ed<\/h1>\n<p>[\/et_pb_text][\/et_pb_column][\/et_pb_row][et_pb_row _builder_version=&#8221;4.13.0&#8243; _module_preset=&#8221;default&#8221; global_colors_info=&#8221;{}&#8221;][et_pb_column type=&#8221;4_4&#8243; _builder_version=&#8221;4.13.0&#8243; _module_preset=&#8221;default&#8221; global_colors_info=&#8221;{}&#8221;][et_pb_text _builder_version=&#8221;4.13.0&#8243; _module_preset=&#8221;default&#8221; global_colors_info=&#8221;{}&#8221;]<\/p>\n<h2>Pozor cyklisti<\/h2>\n<p><span><div class=\"h5p-iframe-wrapper\"><iframe id=\"h5p-iframe-37\" class=\"h5p-iframe\" data-content-id=\"37\" style=\"height:1px\" src=\"about:blank\" frameBorder=\"0\" scrolling=\"no\" title=\"Pozor cyslisti\"><\/iframe><\/div><\/span><\/p>\n<p><span><\/span><\/p>\n<h2>Riziko v zimn\u00edch sportech<\/h2>\n<p><span><div class=\"h5p-iframe-wrapper\"><iframe id=\"h5p-iframe-34\" class=\"h5p-iframe\" data-content-id=\"34\" style=\"height:1px\" src=\"about:blank\" frameBorder=\"0\" scrolling=\"no\" title=\"Riziko v zimn\u00edch sportech (opakovan\u00ed)\"><\/iframe><\/div><\/span><\/p>\n<h2><span>Rizikov\u00e9 situace doma<\/span><\/h2>\n<p><span><div class=\"h5p-content\" data-content-id=\"22\"><\/div><\/span><\/p>\n<h2>Riziko venku<\/h2>\n<p><span><div class=\"h5p-content\" data-content-id=\"16\"><\/div><\/span><\/p>\n<p>[\/et_pb_text][\/et_pb_column][\/et_pb_row][\/et_pb_section]<\/p>\n","protected":false},"excerpt":{"rendered":"<p>Rizikov\u00e9 situace opakov\u00e1n\u00edPozor cyklisti <div class=\"h5p-iframe-wrapper\"><iframe id=\"h5p-iframe-37\" class=\"h5p-iframe\" data-content-id=\"37\" style=\"height:1px\" src=\"about:blank\" frameBorder=\"0\" scrolling=\"no\" title=\"Pozor cyslisti\"><\/iframe><\/div> Riziko v zimn\u00edch sportech <div class=\"h5p-iframe-wrapper\"><iframe id=\"h5p-iframe-34\" class=\"h5p-iframe\" data-content-id=\"34\" style=\"height:1px\" src=\"about:blank\" frameBorder=\"0\" scrolling=\"no\" title=\"Riziko v zimn\u00edch sportech (opakovan\u00ed)\"><\/iframe><\/div> Rizikov\u00e9 situace doma <div class=\"h5p-content\" data-content-id=\"22\"><\/div> Riziko venku <div class=\"h5p-content\" data-content-id=\"16\"><\/div><\/p>\n","protected":false},"author":1,"featured_media":0,"parent":0,"menu_order":0,"comment_status":"closed","ping_status":"closed","template":"","meta":{"_et_pb_use_builder":"on","_et_pb_old_content":"","_et_gb_content_width":"","footnotes":""},"_links":{"self":[{"href":"https:\/\/lagris.eu\/index.php\/wp-json\/wp\/v2\/pages\/627"}],"collection":[{"href":"https:\/\/lagris.eu\/index.php\/wp-json\/wp\/v2\/pages"}],"about":[{"href":"https:\/\/lagris.eu\/index.php\/wp-json\/wp\/v2\/types\/page"}],"author":[{"embeddable":true,"href":"https:\/\/lagris.eu\/index.php\/wp-json\/wp\/v2\/users\/1"}],"replies":[{"embeddable":true,"href":"https:\/\/lagris.eu\/index.php\/wp-json\/wp\/v2\/comments?post=627"}],"version-history":[{"count":4,"href":"https:\/\/lagris.eu\/index.php\/wp-json\/wp\/v2\/pages\/627\/revisions"}],"predecessor-version":[{"id":658,"href":"https:\/\/lagris.eu\/index.php\/wp-json\/wp\/v2\/pages\/627\/revisions\/658"}],"wp:attachment":[{"href":"https:\/\/lagris.eu\/index.php\/wp-json\/wp\/v2\/media?parent=627"}],"curies":[{"name":"wp","href":"https:\/\/api.w.org\/{rel}","templated":true}]}}