{"id":643,"date":"2023-11-24T10:11:06","date_gmt":"2023-11-24T10:11:06","guid":{"rendered":"http:\/\/lagris.eu\/?page_id=643"},"modified":"2023-11-24T10:19:16","modified_gmt":"2023-11-24T10:19:16","slug":"rozpoznani-nebezpecenstvi","status":"publish","type":"page","link":"https:\/\/lagris.eu\/index.php\/rozpoznani-nebezpecenstvi\/","title":{"rendered":"Rozpozn\u00e1n\u00ed nebezpe\u010denstv\u00ed"},"content":{"rendered":"<p>[et_pb_section fb_built=&#8221;1&#8243; _builder_version=&#8221;4.13.0&#8243; _module_preset=&#8221;default&#8221; global_colors_info=&#8221;{}&#8221;][et_pb_row _builder_version=&#8221;4.13.0&#8243; _module_preset=&#8221;default&#8221; global_colors_info=&#8221;{}&#8221;][et_pb_column type=&#8221;4_4&#8243; _builder_version=&#8221;4.13.0&#8243; _module_preset=&#8221;default&#8221; global_colors_info=&#8221;{}&#8221;][et_pb_text _builder_version=&#8221;4.13.0&#8243; _module_preset=&#8221;default&#8221; global_colors_info=&#8221;{}&#8221;]<\/p>\n<h1><span>Rozpozn\u00e1n\u00ed nebezpe\u010denstv\u00ed<\/span><\/h1>\n<p>[\/et_pb_text][\/et_pb_column][\/et_pb_row][et_pb_row _builder_version=&#8221;4.13.0&#8243; _module_preset=&#8221;default&#8221; global_colors_info=&#8221;{}&#8221;][et_pb_column type=&#8221;4_4&#8243; _builder_version=&#8221;4.13.0&#8243; _module_preset=&#8221;default&#8221; global_colors_info=&#8221;{}&#8221;][et_pb_text _builder_version=&#8221;4.13.0&#8243; _module_preset=&#8221;default&#8221; hover_enabled=&#8221;0&#8243; global_colors_info=&#8221;{}&#8221; sticky_enabled=&#8221;0&#8243;]<\/p>\n<h2>Pozor cyklisti<\/h2>\n<p><span><div class=\"h5p-iframe-wrapper\"><iframe id=\"h5p-iframe-17\" class=\"h5p-iframe\" data-content-id=\"17\" style=\"height:1px\" src=\"about:blank\" frameBorder=\"0\" scrolling=\"no\" title=\"J\u00e1 jako cyklista id2\"><\/iframe><\/div><\/span><\/p>\n<h2>Rizikov\u00e9 osoby<\/h2>\n<p><span><div class=\"h5p-iframe-wrapper\"><iframe id=\"h5p-iframe-20\" class=\"h5p-iframe\" data-content-id=\"20\" style=\"height:1px\" src=\"about:blank\" frameBorder=\"0\" scrolling=\"no\" title=\"Rizikov\u00e9 osoby?\"><\/iframe><\/div><\/span><\/p>\n<h2>Riziko v zimn\u00edch sportech<\/h2>\n<p><span><div class=\"h5p-iframe-wrapper\"><iframe id=\"h5p-iframe-19\" class=\"h5p-iframe\" data-content-id=\"19\" style=\"height:1px\" src=\"about:blank\" frameBorder=\"0\" scrolling=\"no\" title=\"Riziko v zimn\u00edch sportech\"><\/iframe><\/div><\/span><\/p>\n<p>&nbsp;<\/p>\n<h2>Riziko venku<\/h2>\n<p><span><div class=\"h5p-iframe-wrapper\"><iframe id=\"h5p-iframe-21\" class=\"h5p-iframe\" data-content-id=\"21\" style=\"height:1px\" src=\"about:blank\" frameBorder=\"0\" scrolling=\"no\" title=\"Riziko venku\"><\/iframe><\/div><\/span><\/p>\n<p>[\/et_pb_text][\/et_pb_column][\/et_pb_row][\/et_pb_section]<\/p>\n","protected":false},"excerpt":{"rendered":"<p>Rozpozn\u00e1n\u00ed nebezpe\u010denstv\u00edPozor cyklisti <div class=\"h5p-iframe-wrapper\"><iframe id=\"h5p-iframe-17\" class=\"h5p-iframe\" data-content-id=\"17\" style=\"height:1px\" src=\"about:blank\" frameBorder=\"0\" scrolling=\"no\" title=\"J\u00e1 jako cyklista id2\"><\/iframe><\/div> Rizikov\u00e9 osoby <div class=\"h5p-iframe-wrapper\"><iframe id=\"h5p-iframe-20\" class=\"h5p-iframe\" data-content-id=\"20\" style=\"height:1px\" src=\"about:blank\" frameBorder=\"0\" scrolling=\"no\" title=\"Rizikov\u00e9 osoby?\"><\/iframe><\/div> Riziko v zimn\u00edch sportech <div class=\"h5p-iframe-wrapper\"><iframe id=\"h5p-iframe-19\" class=\"h5p-iframe\" data-content-id=\"19\" style=\"height:1px\" src=\"about:blank\" frameBorder=\"0\" scrolling=\"no\" title=\"Riziko v zimn\u00edch sportech\"><\/iframe><\/div> &nbsp; Riziko venku <div class=\"h5p-iframe-wrapper\"><iframe id=\"h5p-iframe-21\" class=\"h5p-iframe\" data-content-id=\"21\" style=\"height:1px\" src=\"about:blank\" frameBorder=\"0\" scrolling=\"no\" title=\"Riziko venku\"><\/iframe><\/div><\/p>\n","protected":false},"author":1,"featured_media":0,"parent":0,"menu_order":0,"comment_status":"closed","ping_status":"closed","template":"","meta":{"_et_pb_use_builder":"on","_et_pb_old_content":"","_et_gb_content_width":"","footnotes":""},"_links":{"self":[{"href":"https:\/\/lagris.eu\/index.php\/wp-json\/wp\/v2\/pages\/643"}],"collection":[{"href":"https:\/\/lagris.eu\/index.php\/wp-json\/wp\/v2\/pages"}],"about":[{"href":"https:\/\/lagris.eu\/index.php\/wp-json\/wp\/v2\/types\/page"}],"author":[{"embeddable":true,"href":"https:\/\/lagris.eu\/index.php\/wp-json\/wp\/v2\/users\/1"}],"replies":[{"embeddable":true,"href":"https:\/\/lagris.eu\/index.php\/wp-json\/wp\/v2\/comments?post=643"}],"version-history":[{"count":4,"href":"https:\/\/lagris.eu\/index.php\/wp-json\/wp\/v2\/pages\/643\/revisions"}],"predecessor-version":[{"id":657,"href":"https:\/\/lagris.eu\/index.php\/wp-json\/wp\/v2\/pages\/643\/revisions\/657"}],"wp:attachment":[{"href":"https:\/\/lagris.eu\/index.php\/wp-json\/wp\/v2\/media?parent=643"}],"curies":[{"name":"wp","href":"https:\/\/api.w.org\/{rel}","templated":true}]}}