{"id":739,"date":"2024-01-26T11:13:34","date_gmt":"2024-01-26T11:13:34","guid":{"rendered":"https:\/\/lagris.eu\/?page_id=739"},"modified":"2024-02-27T13:55:42","modified_gmt":"2024-02-27T13:55:42","slug":"cinnost-za-rok-2023","status":"publish","type":"page","link":"https:\/\/lagris.eu\/index.php\/cinnost-za-rok-2023\/","title":{"rendered":"\u010cinnost za rok 2023"},"content":{"rendered":"<p>[et_pb_section fb_built=&#8221;1&#8243; next_background_color=&#8221;#ffffff&#8221; _builder_version=&#8221;4.13.0&#8243; _module_preset=&#8221;default&#8221; background_image=&#8221;http:\/\/lagris.eu\/wp-content\/uploads\/2021\/11\/img-header.jpg&#8221; bottom_divider_style=&#8221;waves2&#8243; bottom_divider_height=&#8221;60px&#8221; global_colors_info=&#8221;{}&#8221;][et_pb_row _builder_version=&#8221;4.13.0&#8243; _module_preset=&#8221;default&#8221; global_colors_info=&#8221;{}&#8221;][et_pb_column type=&#8221;4_4&#8243; _builder_version=&#8221;4.13.0&#8243; _module_preset=&#8221;default&#8221; global_colors_info=&#8221;{}&#8221;][et_pb_text _builder_version=&#8221;4.13.0&#8243; _module_preset=&#8221;default&#8221; text_text_color=&#8221;#000000&#8243; text_font_size=&#8221;24px&#8221; text_letter_spacing=&#8221;2px&#8221; header_font=&#8221;|700|||||||&#8221; header_font_size=&#8221;49px&#8221; header_letter_spacing=&#8221;3px&#8221; header_line_height=&#8221;1.4em&#8221; custom_padding=&#8221;||0px|||&#8221; global_colors_info=&#8221;{}&#8221;]<\/p>\n<h1><strong>\u010cinnost za rok 2023<\/strong><\/h1>\n<p>[\/et_pb_text][\/et_pb_column][\/et_pb_row][\/et_pb_section][et_pb_section fb_built=&#8221;1&#8243; _builder_version=&#8221;4.13.0&#8243; _module_preset=&#8221;default&#8221; global_colors_info=&#8221;{}&#8221;][et_pb_row _builder_version=&#8221;4.13.0&#8243; _module_preset=&#8221;default&#8221; global_colors_info=&#8221;{}&#8221;][et_pb_column type=&#8221;4_4&#8243; _builder_version=&#8221;4.13.0&#8243; _module_preset=&#8221;default&#8221; global_colors_info=&#8221;{}&#8221;][et_pb_text _builder_version=&#8221;4.13.0&#8243; _module_preset=&#8221;default&#8221; global_colors_info=&#8221;{}&#8221;]<\/p>\n<div>\n<p class=\"Text\" style=\"text-align: justify;\"><span lang=\"CS\">V posledn\u00ed \u010dtvrt\u00e9 etap\u011b \u0159e\u0161en\u00ed projektu byly z\u00edskan\u00e9 poznatky a fakta sumarizov\u00e1ny do souhrnn\u00e9 v\u00fdzkumn\u00e9 zpr\u00e1vy, na webov\u00e9 str\u00e1nce byly zp\u0159\u00edstupn\u011bny vytvo\u0159en\u00e9 komplexn\u00ed eduka\u010dn\u00ed materi\u00e1ly. Byla vytvo\u0159ena z\u00e1v\u011bre\u010dn\u00e1 zpr\u00e1va z projektu a publikov\u00e1ny v\u00fdsledky v\u00fdzkumu. Metodick\u00e9 materi\u00e1ly byly p\u0159edstaveny na semin\u00e1\u0159\u00edch organizovan\u00fdch Pedagogickou fakultou UK v\u00a0listopadu a prosinci 2023. Pozornost byla v\u011bnov\u00e1na tak\u00e9 diseminaci v\u00fdsledk\u016f a jejich uveden\u00ed do praxe.<\/span><span lang=\"CS\"><o:p><\/o:p><\/span><\/p>\n<\/div>\n<ul><\/ul>\n<p>[\/et_pb_text][\/et_pb_column][\/et_pb_row][\/et_pb_section][et_pb_section fb_built=&#8221;1&#8243; prev_background_color=&#8221;#ffffff&#8221; next_background_color=&#8221;#ffffff&#8221; _builder_version=&#8221;4.13.0&#8243; _module_preset=&#8221;default&#8221; background_color=&#8221;#76b878&#8243; top_divider_style=&#8221;arrow2&#8243; top_divider_height=&#8221;54px&#8221; top_divider_repeat=&#8221;2x&#8221; bottom_divider_style=&#8221;mountains2&#8243; global_colors_info=&#8221;{}&#8221;][et_pb_row column_structure=&#8221;3_5,2_5&#8243; _builder_version=&#8221;4.13.0&#8243; _module_preset=&#8221;default&#8221; global_colors_info=&#8221;{}&#8221;][et_pb_column type=&#8221;3_5&#8243; _builder_version=&#8221;4.13.0&#8243; _module_preset=&#8221;default&#8221; global_colors_info=&#8221;{}&#8221;][et_pb_image src=&#8221;http:\/\/lagris.eu\/wp-content\/uploads\/2021\/11\/img-park-scaled.jpg&#8221; title_text=&#8221;img-park&#8221; _builder_version=&#8221;4.13.0&#8243; _module_preset=&#8221;default&#8221; animation_style=&#8221;fade&#8221; animation_duration=&#8221;1700ms&#8221; global_colors_info=&#8221;{}&#8221;][\/et_pb_image][\/et_pb_column][et_pb_column type=&#8221;2_5&#8243; _builder_version=&#8221;4.13.0&#8243; _module_preset=&#8221;default&#8221; global_colors_info=&#8221;{}&#8221;][et_pb_text _builder_version=&#8221;4.13.0&#8243; _module_preset=&#8221;default&#8221; width=&#8221;100%&#8221; global_colors_info=&#8221;{}&#8221;]<\/p>\n<p><strong>Zpracov\u00e1n\u00ed v\u00fdzkumn\u00fdch dat do publika\u010dn\u00edch v\u00fdstup\u016f (2. \u010d\u00e1st):<\/strong><\/p>\n<p style=\"font-weight: 400;\">V\u00a0pr\u016fb\u011bhu posledn\u00ed f\u00e1ze projektu byly publikovan\u00e9 a diseminovan\u00e9 v\u00fdstupy projektu mezi odbornou ve\u0159ejnost\u00ed zam\u011b\u0159enou prim\u00e1rn\u011b na problematiku bezpe\u010dnosti (prob\u011bhla ve\u0159ejn\u00e1 vystoupen\u00ed na mezin\u00e1rodn\u00edch konferenc\u00edch Bezpe\u010dnost a ochrana zdrav\u00ed p\u0159i pr\u00e1ci konan\u00e9 v dubnu 2023 a aktu\u00e1lne ot\u00e1zky bezpe\u010dnosti pr\u00e1ce konan\u00e9 v listopadu 2023 na Slovensku) a pedagogickou ve\u0159ejnost\u00ed (propagace v\u00fdstup\u016f mezi studenty kombinovan\u00e9ho studia p\u016fsob\u00edc\u00edmi jako u\u010ditel\u00e9 v\u00a0mate\u0159sk\u00fdch a z\u00e1kladn\u00edch \u0161kol\u00e1ch, tiskov\u00e9 zpr\u00e1vy, \u0161\u00ed\u0159en\u00ed informac\u00ed o v\u00fdsledc\u00edch projektu prost\u0159ednictv\u00edm N\u00e1rodn\u00edho pedagogick\u00e9ho institutu \u010cR a dal\u0161\u00edch profesn\u00edch s\u00edt\u00ed).<\/p>\n<p>[\/et_pb_text][\/et_pb_column][\/et_pb_row][\/et_pb_section][et_pb_section fb_built=&#8221;1&#8243; _builder_version=&#8221;4.13.0&#8243; _module_preset=&#8221;default&#8221; global_colors_info=&#8221;{}&#8221;][et_pb_row column_structure=&#8221;1_2,1_2&#8243; _builder_version=&#8221;4.13.0&#8243; _module_preset=&#8221;default&#8221; global_colors_info=&#8221;{}&#8221;][et_pb_column type=&#8221;1_2&#8243; _builder_version=&#8221;4.13.0&#8243; _module_preset=&#8221;default&#8221; global_colors_info=&#8221;{}&#8221;][et_pb_text _builder_version=&#8221;4.13.0&#8243; _module_preset=&#8221;default&#8221; global_colors_info=&#8221;{}&#8221;]<\/p>\n<p style=\"text-align: justify;\"><strong>Prezentace komplexn\u00edch eduka\u010dn\u00edch materi\u00e1l\u016f na semin\u00e1\u0159i organizovan\u00e9m Pedagogickou fakultou Univerzity Karlovy:<\/strong><\/p>\n<p style=\"font-weight: 400; text-align: justify;\">Prezentace v\u00fdstup\u016f prob\u011bhla nejd\u0159\u00edve mezi studenty kombinovan\u00e9ho studia U\u010ditelstv\u00ed pro mate\u0159sk\u00e9 \u0161koly a U\u010ditelstv\u00ed 1. stupn\u011b Z\u0160. Jedn\u00e1 se o studenty, kte\u0159\u00ed ji\u017e p\u016fsob\u00ed jako u\u010ditel\u00e9 ve \u0161kol\u00e1ch a sou\u010dasn\u011b si roz\u0161i\u0159uj\u00ed \u010di dopl\u0148uj\u00ed odbornou kvalifikaci. V\u00fdstupy projektu byly d\u00e1le prezentovan\u00e9 tak\u00e9 student\u016fm prezen\u010dn\u00edho studia a budou d\u00e1le vyu\u017e\u00edv\u00e1ny jako sou\u010d\u00e1st didaktick\u00fdch n\u00e1stroj\u016f, s\u00a0nimi\u017e se studenti v\u00a0pr\u016fb\u011bhu studia seznamuj\u00ed. Prezentace prob\u011bhla na semin\u00e1\u0159\u00edch po\u0159\u00e1dan\u00fdch pro jednotliv\u00e9 ro\u010dn\u00edky studijn\u00edch program\u016f na konci listopadu a v\u00a0prosinci 2023. Z\u00e1m\u011brem je tak\u00e9 nab\u00eddnout voliteln\u00fd kurz v\u011bnovan\u00fd problematice bezpe\u010dnosti a ochrany zdrav\u00ed pro studentky U\u010ditelstv\u00ed pro M\u0160 a U\u010ditelstv\u00ed 1. stupn\u011b Z\u0160 v\u00a0dal\u0161\u00edch semestrech. Toto umo\u017en\u00ed zajistit syst\u00e9mov\u00e9 \u0161\u00ed\u0159en\u00ed v\u00fdstup\u016f mezi pedagogickou ve\u0159ejnost\u00ed a tak\u00e9 podporu pedagog\u016f v\u00a0orientaci v\u00a0t\u00e9matu BOZ a v\u00fduce tematiky v\u00a0M\u0160 a Z\u0160. V\u00a0r\u00e1mci implementa\u010dn\u00edho pl\u00e1nu je intendov\u00e1no tak\u00e9 otev\u0159en\u00ed kurzu DVPP pod Centrem celo\u017eivotn\u00edho vzd\u011bl\u00e1v\u00e1n\u00ed p\u0159i PedF UK, kter\u00fd vyu\u017eije materi\u00e1ly projektu a sou\u010dasn\u011b oslov\u00ed u\u010ditele v\u00a0praxi.<\/p>\n<p>[\/et_pb_text][\/et_pb_column][et_pb_column type=&#8221;1_2&#8243; _builder_version=&#8221;4.13.0&#8243; _module_preset=&#8221;default&#8221; global_colors_info=&#8221;{}&#8221;][et_pb_image src=&#8221;http:\/\/lagris.eu\/wp-content\/uploads\/2021\/11\/img-ulice-scaled.jpg&#8221; title_text=&#8221;img-ulice&#8221; _builder_version=&#8221;4.13.0&#8243; _module_preset=&#8221;default&#8221; animation_style=&#8221;fade&#8221; animation_duration=&#8221;1800ms&#8221; global_colors_info=&#8221;{}&#8221;][\/et_pb_image][\/et_pb_column][\/et_pb_row][\/et_pb_section][et_pb_section fb_built=&#8221;1&#8243; prev_background_color=&#8221;#ffffff&#8221; _builder_version=&#8221;4.13.0&#8243; _module_preset=&#8221;default&#8221; background_color=&#8221;#f27263&#8243; top_divider_style=&#8221;arrow3&#8243; top_divider_height=&#8221;89px&#8221; global_colors_info=&#8221;{}&#8221;][et_pb_row column_structure=&#8221;1_2,1_2&#8243; _builder_version=&#8221;4.13.0&#8243; _module_preset=&#8221;default&#8221; global_colors_info=&#8221;{}&#8221;][et_pb_column type=&#8221;1_2&#8243; _builder_version=&#8221;4.13.0&#8243; _module_preset=&#8221;default&#8221; global_colors_info=&#8221;{}&#8221;][et_pb_image src=&#8221;http:\/\/lagris.eu\/wp-content\/uploads\/2021\/11\/img-domacnost-scaled.jpg&#8221; title_text=&#8221;img-domacnost&#8221; _builder_version=&#8221;4.13.0&#8243; _module_preset=&#8221;default&#8221; animation_style=&#8221;fade&#8221; animation_duration=&#8221;1700ms&#8221; global_colors_info=&#8221;{}&#8221;][\/et_pb_image][\/et_pb_column][et_pb_column type=&#8221;1_2&#8243; _builder_version=&#8221;4.13.0&#8243; _module_preset=&#8221;default&#8221; global_colors_info=&#8221;{}&#8221;][et_pb_text _builder_version=&#8221;4.13.0&#8243; _module_preset=&#8221;default&#8221; global_colors_info=&#8221;{}&#8221;]<\/p>\n<p><strong>Dokon\u010den\u00ed webov\u00e9 str\u00e1nky:<\/strong><\/p>\n<ul>\n<li style=\"font-weight: 400;\">V\u00a0pr\u016fb\u011bhu roku 2023 byla dokon\u010dena webov\u00e1 str\u00e1nka na konci listopadu 2023 zde byly publikov\u00e1ny v\u0161echny v\u00fdstupy projektu.<\/li>\n<\/ul>\n<p><strong>Implementace z\u00edskan\u00fdch poznatk\u016f (zp\u011btn\u00e9 vazby) od rodi\u010d\u016f a fin\u00e1ln\u00ed \u00faprava komplexn\u00edch eduka\u010dn\u00edch materi\u00e1l\u016f:<\/strong><\/p>\n<p style=\"font-weight: 400;\">V\u00a0pr\u016fb\u011bhu 4. f\u00e1ze byly zapracov\u00e1ny posledn\u00ed podn\u011bty k\u00a0\u00faprav\u00e1m v\u00a0jednotliv\u00fdch \u010d\u00e1stech Komplexn\u00edch eduka\u010dn\u00edch materi\u00e1l\u016f LAGRIS. Bylo dokon\u010deno grafick\u00e9 zpracov\u00e1n\u00ed v\u0161ech v\u00fdstup\u016f.<\/p>\n<ul>\n<li>Sumarizace v\u00fdstup\u016f a fin\u00e1ln\u00edch dokument\u016f: Byla zpracov\u00e1na souhrnn\u00e1 v\u00fdzkumn\u00e1 zpr\u00e1va k\u00a0projektu.<\/li>\n<li>Vypracov\u00e1n\u00ed z\u00e1v\u011bre\u010dn\u00e9 zpr\u00e1vy z \u0159e\u0161en\u00ed projektu.<\/li>\n<\/ul>\n<p>[\/et_pb_text][\/et_pb_column][\/et_pb_row][\/et_pb_section][et_pb_section fb_built=&#8221;1&#8243; prev_background_color=&#8221;#f27263&#8243; _builder_version=&#8221;4.13.0&#8243; _module_preset=&#8221;default&#8221; top_divider_style=&#8221;mountains2&#8243; global_colors_info=&#8221;{}&#8221;][et_pb_row column_structure=&#8221;1_2,1_2&#8243; _builder_version=&#8221;4.13.0&#8243; _module_preset=&#8221;default&#8221; global_colors_info=&#8221;{}&#8221;][et_pb_column type=&#8221;1_2&#8243; _builder_version=&#8221;4.13.0&#8243; _module_preset=&#8221;default&#8221; global_colors_info=&#8221;{}&#8221;][et_pb_image src=&#8221;http:\/\/lagris.eu\/wp-content\/uploads\/2021\/11\/img-hriste-scaled.jpg&#8221; title_text=&#8221;img-hriste&#8221; _builder_version=&#8221;4.13.0&#8243; _module_preset=&#8221;default&#8221; global_colors_info=&#8221;{}&#8221;][\/et_pb_image][\/et_pb_column][et_pb_column type=&#8221;1_2&#8243; _builder_version=&#8221;4.13.0&#8243; _module_preset=&#8221;default&#8221; global_colors_info=&#8221;{}&#8221;][et_pb_text _builder_version=&#8221;4.13.0&#8243; _module_preset=&#8221;default&#8221; global_colors_info=&#8221;{}&#8221;]<\/p>\n<div>\n<p class=\"Text\" style=\"text-align: justify;\"><span lang=\"CS\">\u010clenov\u00e9 \u0159e\u0161itelsk\u00e9ho t\u00fdmu se v pr\u016fb\u011bhu roku 2023 \u00fa\u010dastnili odborn\u00fdch akc\u00ed zam\u011b\u0159en\u00fdch na danou problematiku, nap\u0159. mezin\u00e1rodn\u00ed konference Bezpe\u010dnost a ochrana zdrav\u00ed p\u0159i pr\u00e1ci 2023 (4\/2023); Konference \u010cesk\u00e9 asociace pedagogick\u00e9ho v\u00fdzkumu (9\/2023) aj. :<\/span><span lang=\"CS\"><o:p><\/o:p><\/span><\/p>\n<p class=\"Text\" style=\"text-align: justify;\"><span lang=\"CS\"><\/span><\/p>\n<\/div>\n<div>\n<ul>\n<li><b><i><span lang=\"CS\"><a href=\"https:\/\/lagris.eu\/wp-content\/uploads\/2024\/02\/Opravdu-zname-potreby-skol-a-ocekavani-ucitelu-ve-vztahu-k-BOZP.pdf\">Opravdu zn\u00e1me pot\u0159eby \u0161kol a o\u010dek\u00e1v\u00e1n\u00ed u\u010ditel\u016f ve vztahu k BOZP?<\/a><o:p><\/o:p><\/span><\/i><\/b><\/li>\n<\/ul>\n<\/div>\n<div>\n<ul>\n<li><a href=\"https:\/\/lagris.eu\/wp-content\/uploads\/2024\/02\/BEZPE\u00a8NOST-A-OCHRANA-ZDRAV\u00f7-D\u2211T\u00f7-P\u00b8EDEKOLN\u00f7HO-A-MLADE\u00f7HO-EKOLN\u00f7HO-V\u2211KU-POHLEDEM-RODI\u00a8\ufb01.pdf\"><b><i><span lang=\"EN-GB\">Bezpe\u010dnost a ochrana zdrav\u00ed d\u011bt\u00ed p\u0159ed\u0161koln\u00edho a mlad\u0161\u00edho \u0161koln\u00edho v\u011bku pohledem rodi\u010d\u016f<\/span><\/i><\/b><\/a><b><span lang=\"CS\"><o:p><\/o:p><\/span><\/b><\/li>\n<\/ul>\n<\/div>\n<div>\n<ul>\n<li><b><i><span lang=\"EN-GB\"><a href=\"https:\/\/lagris.eu\/wp-content\/uploads\/2024\/02\/LAGRIS_\u00a8APV-2023.pdf\">Bezpe\u010dnost a ochrana zdrav\u00ed d\u011bt\u00ed p\u0159ed\u0161koln\u00edho a mlad\u0161\u00edho \u0161koln\u00edho v\u011bku pohledem rodi\u010d\u016f (prezentace z konference)<\/a><o:p><\/o:p><\/span><\/i><\/b><\/li>\n<\/ul>\n<\/div>\n<div>\n<ul>\n<li><a href=\"https:\/\/lagris.eu\/wp-content\/uploads\/2024\/02\/Posadavky-na-zajiAtyn\u00b0-bezpeunosti-dytskIch-h\u02ddiAu.pdf\"><b><i><span lang=\"CS\">Po\u017eadavky na zaji\u0161t\u011bn\u00ed bezpe\u010dnosti d\u011btsk\u00fdch h\u0159i\u0161\u0165<\/span><\/i><\/b><\/a><b><i><span lang=\"CS\"><o:p><\/o:p><\/span><\/i><\/b><\/li>\n<\/ul>\n<\/div>\n<p>[\/et_pb_text][\/et_pb_column][\/et_pb_row][\/et_pb_section]<\/p>\n","protected":false},"excerpt":{"rendered":"<p>\u010cinnost za rok 2023 V posledn\u00ed \u010dtvrt\u00e9 etap\u011b \u0159e\u0161en\u00ed projektu byly z\u00edskan\u00e9 poznatky a fakta sumarizov\u00e1ny do souhrnn\u00e9 v\u00fdzkumn\u00e9 zpr\u00e1vy, na webov\u00e9 str\u00e1nce byly zp\u0159\u00edstupn\u011bny vytvo\u0159en\u00e9 komplexn\u00ed eduka\u010dn\u00ed materi\u00e1ly. Byla vytvo\u0159ena z\u00e1v\u011bre\u010dn\u00e1 zpr\u00e1va z projektu a publikov\u00e1ny v\u00fdsledky v\u00fdzkumu. Metodick\u00e9 materi\u00e1ly byly p\u0159edstaveny na semin\u00e1\u0159\u00edch organizovan\u00fdch Pedagogickou fakultou UK v\u00a0listopadu a prosinci 2023. Pozornost byla [&hellip;]<\/p>\n","protected":false},"author":1,"featured_media":0,"parent":0,"menu_order":0,"comment_status":"closed","ping_status":"closed","template":"","meta":{"_et_pb_use_builder":"on","_et_pb_old_content":"","_et_gb_content_width":"","footnotes":""},"_links":{"self":[{"href":"https:\/\/lagris.eu\/index.php\/wp-json\/wp\/v2\/pages\/739"}],"collection":[{"href":"https:\/\/lagris.eu\/index.php\/wp-json\/wp\/v2\/pages"}],"about":[{"href":"https:\/\/lagris.eu\/index.php\/wp-json\/wp\/v2\/types\/page"}],"author":[{"embeddable":true,"href":"https:\/\/lagris.eu\/index.php\/wp-json\/wp\/v2\/users\/1"}],"replies":[{"embeddable":true,"href":"https:\/\/lagris.eu\/index.php\/wp-json\/wp\/v2\/comments?post=739"}],"version-history":[{"count":4,"href":"https:\/\/lagris.eu\/index.php\/wp-json\/wp\/v2\/pages\/739\/revisions"}],"predecessor-version":[{"id":828,"href":"https:\/\/lagris.eu\/index.php\/wp-json\/wp\/v2\/pages\/739\/revisions\/828"}],"wp:attachment":[{"href":"https:\/\/lagris.eu\/index.php\/wp-json\/wp\/v2\/media?parent=739"}],"curies":[{"name":"wp","href":"https:\/\/api.w.org\/{rel}","templated":true}]}}